{"id":24632,"date":"2023-10-11T08:42:35","date_gmt":"2023-10-11T08:42:35","guid":{"rendered":"https:\/\/ssh.sawal.berlin\/?page_id=24632"},"modified":"2025-12-08T10:26:34","modified_gmt":"2025-12-08T10:26:34","slug":"bettina-von-auer","status":"publish","type":"page","link":"https:\/\/ssh.sawal.berlin\/en\/bettina-von-auer","title":{"rendered":"Bettina von Auer"},"content":{"rendered":"<div class=\"is-layout-flex wp-container-3 wp-block-columns\">\n<div class=\"is-layout-flow wp-block-column\" style=\"flex-basis:40%\">\n<figure class=\"wp-block-image size-large\"><img decoding=\"async\" loading=\"lazy\" width=\"683\" height=\"1024\" src=\"https:\/\/ssh.sawal.berlin\/wp-content\/uploads\/2025\/04\/theyesday-03717-683x1024.jpg\" alt=\"\" class=\"wp-image-24745\" srcset=\"https:\/\/ssh.sawal.berlin\/wp-content\/uploads\/2025\/04\/theyesday-03717-683x1024.jpg 683w, https:\/\/ssh.sawal.berlin\/wp-content\/uploads\/2025\/04\/theyesday-03717-200x300.jpg 200w, https:\/\/ssh.sawal.berlin\/wp-content\/uploads\/2025\/04\/theyesday-03717-768x1152.jpg 768w, https:\/\/ssh.sawal.berlin\/wp-content\/uploads\/2025\/04\/theyesday-03717-1024x1536.jpg 1024w, https:\/\/ssh.sawal.berlin\/wp-content\/uploads\/2025\/04\/theyesday-03717-1365x2048.jpg 1365w, https:\/\/ssh.sawal.berlin\/wp-content\/uploads\/2025\/04\/theyesday-03717-8x12.jpg 8w, https:\/\/ssh.sawal.berlin\/wp-content\/uploads\/2025\/04\/theyesday-03717-700x1050.jpg 700w, https:\/\/ssh.sawal.berlin\/wp-content\/uploads\/2025\/04\/theyesday-03717-scaled.jpg 1707w\" sizes=\"(max-width: 683px) 100vw, 683px\" \/><\/figure>\n<\/div>\n\n\n\n<div class=\"is-layout-flow wp-block-column\" style=\"flex-basis:60%\">\n<h1>Bettina von Auer, LLM <\/h1>\n\n\n\n<h1><em>(University of Cape Town) <\/em><\/h1>\n\n\n\n<h1>Rechtsanw\u00e4ltin <\/h1>\n\n\n<div id=\"accordions-24637\" class=\"accordions-24637 accordions\">\r\n                <style type='text\/css'>\r\n        @media only screen and (min-width: 1024px) {\r\n            #accordions-24637 {\r\n                width: 100%;\r\n                            }\r\n        }\r\n\r\n        @media only screen and (min-width: 768px) and (max-width: 1023px) {\r\n            #accordions-24637 {\r\n                width: 100%;\r\n                            }\r\n        }\r\n\r\n        @media only screen and (min-width: 0px) and (max-width: 767px) {\r\n            #accordions-24637 {\r\n                width: 100%;\r\n                            }\r\n        }\r\n\r\n        #accordions-24637 {\r\n            text-align: left;\r\n            background: #ffffff url() repeat scroll 0 0;\r\n            padding: 20px;\r\n            position: relative;\r\n        }\r\n\r\n        #accordions-24637 .accordions-head {\r\n            background: #ffffff none repeat scroll 0 0;\r\n            margin: 20px;\r\n            padding: 10px;\r\n            outline: none;\r\n        }\r\n\r\n        #accordions-24637 .accordions-head-title {\r\n            color: #001d41;\r\n            font-size: 20px;\r\n                    }\r\n\r\n        #accordions-24637 .accordions-head-title-toggle {\r\n            color: #001d41;\r\n            font-size: 20px;\r\n                    }\r\n\r\n        #accordions-24637 .accordions-head:hover .accordions-head-title {\r\n            color: #001d41;\r\n                    }\r\n\r\n        #accordions-24637 .ui-state-active {\r\n            background: #dddad9;\r\n            border: none;\r\n        }\r\n\r\n        #accordions-24637 .accordion-content {\r\n            background: #ffffff none repeat scroll 0 0;\r\n            color: #001d41;\r\n            font-size: 14px;\r\n            margin: 20px;\r\n            padding: 20px;\r\n            border: none;\r\n        }\r\n\r\n        #accordions-24637 .accordion-icons {\r\n            color: #ffffff;\r\n                    }\r\n\r\n        #accordions-24637 .accordions-head:hover .accordion-icons span {\r\n            color: #ffffff;\r\n                    }\r\n\r\n            <\/style>\r\n<div class=\"items\">\r\n                        <div post_id=\"24637\" itemcount=\"0\"  header_id=\"header-17101621620\" id=\"header-17101621620\" style=\"\" class=\"accordions-head head17101621620 border-none\" toggle-text=\"\" main-text=\"Vita\">\r\n                                            <span id=\"accordion-icons-17101621620\" class=\"accordion-icons\">\r\n                            <span class=\"accordion-icon-active accordion-plus\"><i class=\"fa none\"><\/i><\/span>\r\n                            <span class=\"accordion-icon-inactive accordion-minus\"><i class=\"fa none\"><\/i><\/span>\r\n                        <\/span>\r\n                        <span id=\"header-text-17101621620\" class=\"accordions-head-title\">Vita<\/span>\r\n                                    <\/div>\r\n                <div class=\"accordion-content content17101621620\">\r\n                    <ul>\n<li>geboren 1972 in Hagen (NRW)<\/li>\n<li>1992 - 1997 Studium der Rechtswissenschaften an der FU Berlin<\/li>\n<li>1998 - 1999 Masterstudium an der University of Cape Town mit Schwerpunkt Rechtsvergleichung<\/li>\n<li>1991 - 2001 Referendariat am Kammergericht mit Station am Supreme Court of Israel<\/li>\n<li>2001 -2002 Rechtsanw\u00e4ltin in Berlin<\/li>\n<li>2002 - 2005 Referentin f\u00fcr Ausl\u00e4nder- und Visumrecht im Ausw\u00e4rtigen Amt, Berlin<\/li>\n<li>2006 - 2007 Referentin f\u00fcr Grundsatzfragen der Europapolitik im Bundesministerium der Finanzen, Berlin<\/li>\n<li>seit 2023 angestellte Rechtsanw\u00e4ltin bei SAWAL SCH\u00dcLLER HANKE<\/li>\n<\/ul>\n<p>Rechtsanw\u00e4ltin von Auer ist verheiratet, Mutter von drei Kindern und lebt mit ihrer Familie in Berlin.<\/p>\n                <\/div>\r\n                        <div post_id=\"24637\" itemcount=\"1\"  header_id=\"header-17101621621\" id=\"header-17101621621\" style=\"\" class=\"accordions-head head17101621621 border-none\" toggle-text=\"\" main-text=\"Rechtsgebiete\">\r\n                                            <span id=\"accordion-icons-17101621621\" class=\"accordion-icons\">\r\n                            <span class=\"accordion-icon-active accordion-plus\"><i class=\"fa none\"><\/i><\/span>\r\n                            <span class=\"accordion-icon-inactive accordion-minus\"><i class=\"fa none\"><\/i><\/span>\r\n                        <\/span>\r\n                        <span id=\"header-text-17101621621\" class=\"accordions-head-title\">Areas<\/span>\r\n                                    <\/div>\r\n                <div class=\"accordion-content content17101621621\">\r\n                    <p class=\"p1\">Frau von Auer arbeitet mit einem Schwerpunkt im internationalen Familienrecht. Frau von Auer verf\u00fcgt \u00fcber besondere Erfahrung im internationalen Privatrecht und steht als kompetente Ansprechpartnerin bei grenz\u00fcberschreitenden Sacherhalten zur Verf\u00fcgung.<\/p>\n                <\/div>\r\n                        <div post_id=\"24637\" itemcount=\"2\"  header_id=\"header-17101621622\" id=\"header-17101621622\" style=\"\" class=\"accordions-head head17101621622 border-none\" toggle-text=\"\" main-text=\"Mitgliedschaften\">\r\n                                            <span id=\"accordion-icons-17101621622\" class=\"accordion-icons\">\r\n                            <span class=\"accordion-icon-active accordion-plus\"><i class=\"fa none\"><\/i><\/span>\r\n                            <span class=\"accordion-icon-inactive accordion-minus\"><i class=\"fa none\"><\/i><\/span>\r\n                        <\/span>\r\n                        <span id=\"header-text-17101621622\" class=\"accordions-head-title\">Memberships<\/span>\r\n                                    <\/div>\r\n                <div class=\"accordion-content content17101621622\">\r\n                    <ul class=\"ul1\">\n<li class=\"li1\"><span class=\"s2\">Rechtsanwaltskammer Berlin <\/span><\/li>\n<\/ul>\n                <\/div>\r\n            <\/div>\r\n    <script>\r\n        (function($) {\r\n\r\n            $(document).ready(function() {\r\n                accordions_active_index_24637 = [];\r\n                        })\r\n        })(jQuery);\r\n    <\/script>    <script>\r\n        (function($) {\r\n            $(document).ready(function() {\r\n                accordion_24637 = $(\"#accordions-24637 .items\").accordion({\r\n                    event: \"click\",\r\n                    collapsible: true,\r\n                    heightStyle: \"content\",\r\n                    animate: (\"swing\", 1000),\r\n                    navigation: true,\r\n                    active: 999,\r\n                                            beforeActivate: function(event, ui) {\r\n                            if (ui.newHeader[0] != undefined) {\r\n                                var disabled = ui.newHeader[0].getAttribute('disabled');\r\n                                console.log(disabled);\r\n                                if (disabled == 'disabled') {\r\n                                    event.preventDefault();\r\n                                }\r\n                            }\r\n                        },\r\n                                    });\r\n            })\r\n        })(jQuery);\r\n    <\/script>\r\n                <\/div>\n<\/div>\n<\/div>\n\n\n\n<p><\/p>","protected":false},"excerpt":{"rendered":"<p>Bettina von Auer, LLM (University of Cape Town) Rechtsanw\u00e4ltin<\/p>","protected":false},"author":1,"featured_media":0,"parent":0,"menu_order":0,"comment_status":"closed","ping_status":"closed","template":"","meta":[],"_links":{"self":[{"href":"https:\/\/ssh.sawal.berlin\/en\/wp-json\/wp\/v2\/pages\/24632"}],"collection":[{"href":"https:\/\/ssh.sawal.berlin\/en\/wp-json\/wp\/v2\/pages"}],"about":[{"href":"https:\/\/ssh.sawal.berlin\/en\/wp-json\/wp\/v2\/types\/page"}],"author":[{"embeddable":true,"href":"https:\/\/ssh.sawal.berlin\/en\/wp-json\/wp\/v2\/users\/1"}],"replies":[{"embeddable":true,"href":"https:\/\/ssh.sawal.berlin\/en\/wp-json\/wp\/v2\/comments?post=24632"}],"version-history":[{"count":8,"href":"https:\/\/ssh.sawal.berlin\/en\/wp-json\/wp\/v2\/pages\/24632\/revisions"}],"predecessor-version":[{"id":24746,"href":"https:\/\/ssh.sawal.berlin\/en\/wp-json\/wp\/v2\/pages\/24632\/revisions\/24746"}],"wp:attachment":[{"href":"https:\/\/ssh.sawal.berlin\/en\/wp-json\/wp\/v2\/media?parent=24632"}],"curies":[{"name":"wp","href":"https:\/\/api.w.org\/{rel}","templated":true}]}}