{"id":23746,"date":"2020-02-04T13:55:48","date_gmt":"2020-02-04T13:55:48","guid":{"rendered":"https:\/\/ssh.sawal.berlin\/?page_id=23746"},"modified":"2025-12-08T10:26:03","modified_gmt":"2025-12-08T10:26:03","slug":"andreas-hanke","status":"publish","type":"page","link":"https:\/\/ssh.sawal.berlin\/en\/andreas-hanke","title":{"rendered":"Andreas Hanke"},"content":{"rendered":"<div class=\"is-layout-flex wp-container-3 wp-block-columns\">\n<div class=\"is-layout-flow wp-block-column\" style=\"flex-basis:40%\">\n<figure class=\"wp-block-image size-large is-resized\"><img decoding=\"async\" loading=\"lazy\" src=\"https:\/\/ssh.sawal.berlin\/wp-content\/uploads\/2025\/04\/theyesday-04694-683x1024.jpg\" alt=\"\" class=\"wp-image-24743\" width=\"508\" height=\"762\" srcset=\"https:\/\/ssh.sawal.berlin\/wp-content\/uploads\/2025\/04\/theyesday-04694-683x1024.jpg 683w, https:\/\/ssh.sawal.berlin\/wp-content\/uploads\/2025\/04\/theyesday-04694-200x300.jpg 200w, https:\/\/ssh.sawal.berlin\/wp-content\/uploads\/2025\/04\/theyesday-04694-768x1152.jpg 768w, https:\/\/ssh.sawal.berlin\/wp-content\/uploads\/2025\/04\/theyesday-04694-1024x1536.jpg 1024w, https:\/\/ssh.sawal.berlin\/wp-content\/uploads\/2025\/04\/theyesday-04694-1365x2048.jpg 1365w, https:\/\/ssh.sawal.berlin\/wp-content\/uploads\/2025\/04\/theyesday-04694-8x12.jpg 8w, https:\/\/ssh.sawal.berlin\/wp-content\/uploads\/2025\/04\/theyesday-04694-700x1050.jpg 700w, https:\/\/ssh.sawal.berlin\/wp-content\/uploads\/2025\/04\/theyesday-04694-scaled.jpg 1707w\" sizes=\"(max-width: 508px) 100vw, 508px\" \/><\/figure>\n\n\n\n<figure class=\"wp-block-image size-large\"><img decoding=\"async\" loading=\"lazy\" width=\"1024\" height=\"683\" src=\"https:\/\/ssh.sawal.berlin\/wp-content\/uploads\/2019\/12\/Kanzlei-finished-246-von-387-1024x683.jpg\" alt=\"\" class=\"wp-image-22603\" srcset=\"https:\/\/ssh.sawal.berlin\/wp-content\/uploads\/2019\/12\/Kanzlei-finished-246-von-387-1024x683.jpg 1024w, https:\/\/ssh.sawal.berlin\/wp-content\/uploads\/2019\/12\/Kanzlei-finished-246-von-387-300x200.jpg 300w, https:\/\/ssh.sawal.berlin\/wp-content\/uploads\/2019\/12\/Kanzlei-finished-246-von-387-768x512.jpg 768w, https:\/\/ssh.sawal.berlin\/wp-content\/uploads\/2019\/12\/Kanzlei-finished-246-von-387-1536x1024.jpg 1536w, https:\/\/ssh.sawal.berlin\/wp-content\/uploads\/2019\/12\/Kanzlei-finished-246-von-387-2048x1365.jpg 2048w, https:\/\/ssh.sawal.berlin\/wp-content\/uploads\/2019\/12\/Kanzlei-finished-246-von-387-700x467.jpg 700w, https:\/\/ssh.sawal.berlin\/wp-content\/uploads\/2019\/12\/Kanzlei-finished-246-von-387-600x400.jpg 600w\" sizes=\"(max-width: 1024px) 100vw, 1024px\" \/><\/figure>\n<\/div>\n\n\n\n<div class=\"is-layout-flow wp-block-column\" style=\"flex-basis:60%\">\n<h1>Dr. Andreas Hanke<\/h1>\n\n\n\n<h1>Rechtsanwalt &amp; Notar<\/h1>\n\n\n<div id=\"accordions-23745\" class=\"accordions-23745 accordions\">\r\n                <style type='text\/css'>\r\n        @media only screen and (min-width: 1024px) {\r\n            #accordions-23745 {\r\n                width: 100%;\r\n                            }\r\n        }\r\n\r\n        @media only screen and (min-width: 768px) and (max-width: 1023px) {\r\n            #accordions-23745 {\r\n                width: 100%;\r\n                            }\r\n        }\r\n\r\n        @media only screen and (min-width: 0px) and (max-width: 767px) {\r\n            #accordions-23745 {\r\n                width: 100%;\r\n                            }\r\n        }\r\n\r\n        #accordions-23745 {\r\n            text-align: left;\r\n            background: #ffffff url() repeat scroll 0 0;\r\n            padding: 20px;\r\n            position: relative;\r\n        }\r\n\r\n        #accordions-23745 .accordions-head {\r\n            background: #ffffff none repeat scroll 0 0;\r\n            margin: 20px;\r\n            padding: 10px;\r\n            outline: none;\r\n        }\r\n\r\n        #accordions-23745 .accordions-head-title {\r\n            color: #001d41;\r\n            font-size: 20px;\r\n                    }\r\n\r\n        #accordions-23745 .accordions-head-title-toggle {\r\n            color: #001d41;\r\n            font-size: 20px;\r\n                    }\r\n\r\n        #accordions-23745 .accordions-head:hover .accordions-head-title {\r\n            color: #001d41;\r\n                    }\r\n\r\n        #accordions-23745 .ui-state-active {\r\n            background: #dddad9;\r\n            border: none;\r\n        }\r\n\r\n        #accordions-23745 .accordion-content {\r\n            background: #ffffff none repeat scroll 0 0;\r\n            color: #001d41;\r\n            font-size: 14px;\r\n            margin: 20px;\r\n            padding: 20px;\r\n            border: none;\r\n        }\r\n\r\n        #accordions-23745 .accordion-icons {\r\n            color: #ffffff;\r\n                    }\r\n\r\n        #accordions-23745 .accordions-head:hover .accordion-icons span {\r\n            color: #ffffff;\r\n                    }\r\n\r\n            <\/style>\r\n<div class=\"items\">\r\n                        <div post_id=\"23745\" itemcount=\"0\"  header_id=\"header-16970138480\" id=\"header-16970138480\" style=\"\" class=\"accordions-head head16970138480 border-none\" toggle-text=\"\" main-text=\"Vita\">\r\n                                            <span id=\"accordion-icons-16970138480\" class=\"accordion-icons\">\r\n                            <span class=\"accordion-icon-active accordion-plus\"><i class=\"fa none\"><\/i><\/span>\r\n                            <span class=\"accordion-icon-inactive accordion-minus\"><i class=\"fa none\"><\/i><\/span>\r\n                        <\/span>\r\n                        <span id=\"header-text-16970138480\" class=\"accordions-head-title\">Vita<\/span>\r\n                                    <\/div>\r\n                <div class=\"accordion-content content16970138480\">\r\n                    <ul>\n<li><span class=\"s2\">Geboren 1981 in Berlin\u00a0<\/span><\/li>\n<li>2003 - 2008 Studium der Rechtswissenschaften an der Europa-Universit\u00e4t Viadrina, Frankfurt\/Oder<\/li>\n<li>2009 Mitarbeiter in der Rechtsabteilung einer NGO, Florida, USA<\/li>\n<li>2009 - 2011 Referendariat am Kammergericht, Berlin<\/li>\n<li>since 2011 lawyer in Berlin<\/li>\n<li>2012 Practitioner in Residence und Gastdozent an der Washburn University, School of Law, Topeka, USA<\/li>\n<li>since 2015 specialist lawyer for family law<\/li>\n<li>2015 Practitioner in Residence und Gastdozent Penn State Dickinson Law, Carlisle, USA<\/li>\n<li>seit 2016 st\u00e4ndiger Mitarbeiter im Familienrechtsberater (FamRB)<\/li>\n<li>2018 Promotion zum Dr. iur. an der Universit\u00e4t Bielefeld bei Prof. Schwab zu einem Thema aus dem Deutsch-amerikanischen Familienrecht<\/li>\n<li>2019 - 2024 Lehrbeauftragter an der Hochschule f\u00fcr Wirtschaft und Recht (HWR), Berlin<\/li>\n<li>2023 Bestellung zum Notar in Berlin<\/li>\n<\/ul>\n<p>Rechtsanwalt Dr. Hanke ist verheiratet und Vater von drei Kindern. Er lebt mit seiner Familie in Berlin.<\/p>\n                <\/div>\r\n                        <div post_id=\"23745\" itemcount=\"1\"  header_id=\"header-16970138481\" id=\"header-16970138481\" style=\"\" class=\"accordions-head head16970138481 border-none\" toggle-text=\"\" main-text=\"Rechtsgebiete\">\r\n                                            <span id=\"accordion-icons-16970138481\" class=\"accordion-icons\">\r\n                            <span class=\"accordion-icon-active accordion-plus\"><i class=\"fa none\"><\/i><\/span>\r\n                            <span class=\"accordion-icon-inactive accordion-minus\"><i class=\"fa none\"><\/i><\/span>\r\n                        <\/span>\r\n                        <span id=\"header-text-16970138481\" class=\"accordions-head-title\">Areas<\/span>\r\n                                    <\/div>\r\n                <div class=\"accordion-content content16970138481\">\r\n                    <p class=\"p1\"><span class=\"s1\">Rechtsanwalt Dr. Andreas Hanke betreut \u00fcberwiegend familienrechtliche Mandate. Er ber\u00e4t \u00fcberwiegend im deutschen und internationalen Familienrecht. Besonderer Wert wird dabei auf eine kontinuierliche Fort- und Weiterbildung zur Aufrechterhaltung h\u00f6chster Qualit\u00e4tsstandards gelegt. So besteht neben einer Spezialisierung im deutschen Familienrecht eine Spezialisierung im internationalen Familienrecht, insbesondere im Familienrecht der Common-Law Staaten, mithin im US-amerikanischen und kanadischen Familienrecht. Rechtsanwalt Hanke hat bereits erfolgreich in den USA als auch in Kanada gerichtliche Verfahren begleitet und gef\u00fchrt. Besondere Expertise konnte dabei im Umgang mit US-amerikanischen und kanadischen Beh\u00f6rden in grenz\u00fcberschreitenden Kindschaftsangelegenheiten erworben werden.<\/span><\/p>\n<p class=\"p1\"><span class=\"s1\">Attorney Hanke advises and represents you in particular in questions of custody and contact law, in divorce and preventive agreements (marriage contract \/ divorce agreement), property law matters as a result of the divorce (gain compensation, joint debt compensation), in pension compensation (also including international expectancies \/ pension plans), Separation and post-marital maintenance, child maintenance, special and additional needs. Attorney Hanke is also at your side with the settlement of US or Canadian pension entitlements after division in divorce proceedings (payment and transfer to Germany).<\/span><\/p>\n<p class=\"p1\"><span class=\"s1\">In addition, attorney Hanke is at your side as a competent contact in cases of international child abduction.<\/span><\/p>\n<p class=\"p1\"><span class=\"s1\">Rechtsanwalt Dr. Hanke arbeitet regelm\u00e4\u00dfig als Sachverst\u00e4ndiger f\u00fcr deutsches und europ\u00e4isches Familienrecht in den USA.<\/span><\/p>\n<p>Dar\u00fcber hinaus arbeitet Herr Dr. Hanke als Notar.<\/p>\n<p class=\"p1\"><span class=\"s1\">Attorney Hanke is also a specialist lawyer for family law.<\/span><\/p>\n                <\/div>\r\n                        <div post_id=\"23745\" itemcount=\"2\"  header_id=\"header-16970138482\" id=\"header-16970138482\" style=\"\" class=\"accordions-head head16970138482 border-none\" toggle-text=\"\" main-text=\"Mitgliedschaften\">\r\n                                            <span id=\"accordion-icons-16970138482\" class=\"accordion-icons\">\r\n                            <span class=\"accordion-icon-active accordion-plus\"><i class=\"fa none\"><\/i><\/span>\r\n                            <span class=\"accordion-icon-inactive accordion-minus\"><i class=\"fa none\"><\/i><\/span>\r\n                        <\/span>\r\n                        <span id=\"header-text-16970138482\" class=\"accordions-head-title\">Memberships<\/span>\r\n                                    <\/div>\r\n                <div class=\"accordion-content content16970138482\">\r\n                    <ul class=\"ul1\">\n<li class=\"li1\"><span class=\"s2\">Rechtsanwaltskammer Berlin (Berlin Bar Association)<\/span><\/li>\n<li>Fellow International Academy of Family Lawyers (IAFL)<\/li>\n<li class=\"li1\"><span class=\"s2\">American Bar Association (ABA)<\/span><\/li>\n<li class=\"li1\"><span class=\"s2\">Deutsch-Amerikanische Juristen-Vereinigung (DAJV e.V.)<\/span><\/li>\n<li class=\"li1\"><span class=\"s2\">Internationale Gesellschaft f\u00fcr Familienrecht (International Society of Family Law; ISFL)<\/span><\/li>\n<li class=\"li1\"><span class=\"s2\">Mitglied der Arbeitsgemeinschaft Familienrecht im DAV<\/span><\/li>\n<\/ul>\n                <\/div>\r\n                        <div post_id=\"23745\" itemcount=\"3\"  header_id=\"header-16970138483\" id=\"header-16970138483\" style=\"\" class=\"accordions-head head16970138483 border-none\" toggle-text=\"\" main-text=\"Ver\u00f6ffentlichungen\">\r\n                                            <span id=\"accordion-icons-16970138483\" class=\"accordion-icons\">\r\n                            <span class=\"accordion-icon-active accordion-plus\"><i class=\"fa none\"><\/i><\/span>\r\n                            <span class=\"accordion-icon-inactive accordion-minus\"><i class=\"fa none\"><\/i><\/span>\r\n                        <\/span>\r\n                        <span id=\"header-text-16970138483\" class=\"accordions-head-title\">Publications<\/span>\r\n                                    <\/div>\r\n                <div class=\"accordion-content content16970138483\">\r\n                    <p><span class=\"s1\">Monographie<\/span><\/p>\n<ul class=\"ul1\">\n<li class=\"li1\"><span class=\"s1\">Die Auswirkungen auf das Umgangs- und Sorgerecht bei \u00c4nderung des Kindesaufenthalts durch einen Elternteil - Eine vergleichende Studie anhand der Rechtspraxis in den Vereinigten Staaten von Amerika, 206 S., Bielefeld 2018<\/span><\/li>\n<\/ul>\n<p>Kommentierungen<\/p>\n<ul>\n<li>seit 2021 Bearbeiter des L\u00e4nderberichts \"Kanada\" im Rieck\/Lettmaier, Ausl\u00e4ndisches Familienrecht, C.H.Beck Verlag<\/li>\n<\/ul>\n<p><span class=\"s1\">Besprechungen und Beitr\u00e4ge<\/span><\/p>\n<ul class=\"ul1\">\n<li class=\"li1\"><span class=\"s1\">Custody and Visitation Rights in Germany After the Decisions of the European Court on Human Rights (Family Law Quarterly, Volume 45, Number 3, Fall 2011 P. 353-360)<\/span><\/li>\n<li class=\"li1\"><span class=\"s1\">Introduction to European and German Family Law (Vorlesungsbegleitendes Skript, Washburn University School of Law, WS 2012, Family Law)<\/span><\/li>\n<li class=\"li1\"><span class=\"s1\">Das Separation Agreement nach kanadischem Familienrecht (FamRBint 2013, 70-74)<\/span><\/li>\n<li class=\"li1\"><span class=\"s1\">Reform des Ehegattenunterhaltsrechtes in Florida (FamRBint 2013, 103-104)<\/span><\/li>\n<li class=\"li1\"><span class=\"s1\">Das Wechselmodell im kanadischen Kindschaftsrecht \u2013 Ein gangbarer Weg auch f\u00fcr Deutschland? (FamRB 2014, 106 - 109)<\/span><\/li>\n<li class=\"li1\"><span class=\"s1\">Behandlung von US-Anwartschaften im Versorgungsausgleich (FamRB 2014, 226 - 229)<\/span><\/li>\n<li class=\"li1\"><span class=\"s1\">Besprechung\u00a0OLG Hamburg v. 26.6.2014 - 12 UF 111\/13,\u00a0Pr\u00fcfung des Kindeswohls bei Vollstreckung eines R\u00fcckf\u00fchrungsbeschlusses (FamRB 2015, 100-101)<\/span><\/li>\n<li class=\"li1\"><span class=\"s1\">Das subjektive Element bei der Bestimmung des gew\u00f6hnlichen Aufenthalts nach dem Haager Kindesentf\u00fchrungs\u00fcbereinkommen \/ The Subjective Element in Determining the \u201eHabitual Residence\u201c Pursuant to the Hague Convention of 25 October 1980 on the Civil Aspects of International Child Abduction\u201c, (FamRB 2015, 227-230)<\/span><\/li>\n<li class=\"li1\"><span class=\"s1\">Besprechung\u00a0OLG Stuttgart v 18.03.2015 - 17 UF 44\/15, Keine R\u00fcckf\u00fchrung bei absehbarem Hin-und-her-Verbringen des Kindes (FamRB 2015, 251-252)<\/span><\/li>\n<li class=\"li1\"><span class=\"s1\">Besprechung\u00a0Kammergericht v. 02.03.2015 - 3 UF 156\/14, Wechsel des Forums bei Begr\u00fcndung des gew\u00f6hnlichen Aufenthalts des Kindes in Russland (FamRB 2015, 295-296)<\/span><\/li>\n<li class=\"li1\"><span class=\"s1\">Besprechung\u00a0OLG Karlsruhe v. 01.08.2015 - 2 UF 69\/15, Anpassung des Unterhaltsbedarfs bei Lebensmittelpunkt des Unterhaltsberechtigten im Ausland (hier: Florida) (FamRB 2016, 6)<\/span><\/li>\n<li class=\"li1\"><span class=\"s1\">Besprechung\u00a0OLG M\u00fcnchen v. 18.12.2015 - 12 UF 1239\/15\u00a0Anwendbarkeit des HK\u00dc bei gew\u00f6hnlichem Aufenthalt in Ostjerusalem, (FamRB 2016, 229-230)<\/span><\/li>\n<li class=\"li1\"><span class=\"s1\">Besprechung\u00a0OLG M\u00fcnchen v. 26.07.2016 - 34 Wx 192\/16\u00a0Zustellung eines Scheidungsantrages in den USA unter Versto\u00df gegen das HZ\u00dc (FamRB 2016, 452f.)<\/span><\/li>\n<li class=\"li1\"><span class=\"s1\">\u00d6ffentliche Zustellung in Scheidungssachen mit Auslandsbezug (FamRB 2016, 483 - 487)<\/span><\/li>\n<li class=\"li1\"><span class=\"s1\">Besprechung\u00a0OLG Koblenz v. 19.3.2018 - 9 WF 607\/17\u00a0Familiengerichtliche Genehmigung der Erbausschlagung f\u00fcr minderj\u00e4hrige Kinder bei Auslandsverm\u00f6gen (FamRB 2019, 106-108)<\/span><\/li>\n<li class=\"li1\"><span class=\"s1\">Die Bestimmung des gew\u00f6hnlichen Aufenthalts in HK\u00dc-Verfahren durch kanadische Gerichte <\/span><span class=\"s3\">(<span class=\"s4\">FamRB 2020, 39-41)<\/span><\/span><\/li>\n<li>Besprechung OLG Frankfurt v. 22.11.2021 - 28 VA 1\/21 Internationale Zustellung eines Scheidungsantrages per WhatsApp (Kanada) (FamRB 2022, 49-51)<\/li>\n<li>Besprechung OLG Rostock v. 14.10.2021 - 10 UF 88\/21 (Keine) R\u00fcckf\u00fchrung aus Spanien entf\u00fchrten Kindes nach Frankreich (FamRB 2022, 226-227)<\/li>\n<li>Besprechung BVerfG Beschl. v. 01.08.2022 - 1 BvQ 50\/22 Eilantrag auf Aussetzung der Vollstreckung einer Kindesr\u00fcckf\u00fchrung nach Spanien (FamRB 2022, 435 - 437)<\/li>\n<li>Besprechung OLG Stuttgart v. 13.10.2022 - 17 UF 186\/22\u00a0 Keine R\u00fcckf\u00fchrung nach HK\u00dc eines Kindes in Kriegsgebiet (hier: Ukraine) (FamRB 2023, 60 - 61)<\/li>\n<li>Besprechung OLG Dresden v. 17.01.2023 - 21 UF 752\/22 Kindesr\u00fcckf\u00fchrung trotz Elternaufenthalts nicht im Herkunftsland (FamRB 2023, 241 - 243)<\/li>\n<li>Besprechung KG v. 19.07.2024 - 16 UF 39\/22 - Internationale (Annex-)Zust\u00e4ndigkeit f\u00fcr G\u00fcterrechtssache<\/li>\n<\/ul>\n                <\/div>\r\n                        <div post_id=\"23745\" itemcount=\"4\"  header_id=\"header-16970138484\" id=\"header-16970138484\" style=\"\" class=\"accordions-head head16970138484 border-none\" toggle-text=\"\" main-text=\"Dozentent\u00e4tigkeit\">\r\n                                            <span id=\"accordion-icons-16970138484\" class=\"accordion-icons\">\r\n                            <span class=\"accordion-icon-active accordion-plus\"><i class=\"fa none\"><\/i><\/span>\r\n                            <span class=\"accordion-icon-inactive accordion-minus\"><i class=\"fa none\"><\/i><\/span>\r\n                        <\/span>\r\n                        <span id=\"header-text-16970138484\" class=\"accordions-head-title\">Lecturer activity<\/span>\r\n                                    <\/div>\r\n                <div class=\"accordion-content content16970138484\">\r\n                    <ul>\n<li class=\"li1\"><span class=\"s2\">2010 Das neue G\u00fcterrecht, Fachanwaltsfortbildungsseminar DANSEF e.V.<\/span><\/li>\n<li class=\"li1\"><span class=\"s2\">2010 Die Reform des Versorgungsausgleichs (VersAusglG), Fachanwaltsfortbildungsseminar DANSEF e.V.<\/span><\/li>\n<li class=\"li1\"><span class=\"s2\">2012 Internationales Familienrecht, Fachanwaltsfortbildungsseminar DANSEF e.V.<\/span><\/li>\n<li class=\"li1\"><span class=\"s2\">2012 Introduction to European and German Family Law, Washburn University School of Law, Topeka, KS, USA<\/span><\/li>\n<li class=\"li1\"><span class=\"s2\">2013 Einf\u00fchrung in das Sorgerecht f\u00fcr die Beratung am Finanzmarkt, Mitarbeiterfortbildung Ing-DiBa<\/span><\/li>\n<li class=\"li1\"><span class=\"s2\">2013 Internationales Familienrecht, Fachanwaltsfortbildung DANSEF e.V.<\/span><\/li>\n<li class=\"li1\"><span class=\"s2\">2015 The Transnational Family: An International Lawyer\u00b4s Perspective,\u00a0Penn State University, Dickinson Law, Carlisle, PA, USA<\/span><\/li>\n<li class=\"li1\"><span class=\"s2\">2018 Panelist, ABA Family Law Conference, Nashville, Tennessee, The Child\u00b4s Voice: Cross-Border Parentage - When Hague and Child Abduction Conventions, Rights of the Child and Issues of Habitual Residence apply to your ART Case<\/span><\/li>\n<li class=\"li1\"><span class=\"s2\">2018 Gastsprecher \"Comparative Concepts in Elder Law\", Penn State University, Dickinson Law, Carlisle, PA, USA<\/span><\/li>\n<li class=\"li1\"><span class=\"s2\">2019 Fortbildung US-Armee, USAEUR CLE, \"US-Pension Benefits and the German Divorce Proceeding, A Practitioners Perspective\", US-Base Garmisch<\/span><\/li>\n<li class=\"li1\"><span class=\"s2\">2019 - 2024 Dozent an der Hochschule f\u00fcr Wirtschaft und Recht<\/span><\/li>\n<li>seit 2024 Dozent Deutsche Anwaltakadamie, Fachanwaltskurs Familienrecht \"IPR im Familienrecht\"<\/li>\n<li>2024 Vortrag AG-Familienrecht im Berliner Anwaltsverein \"G\u00fcterrechtliche Vereinbarungen in Ehevertr\u00e4gen mit internationalem Bezug\"<\/li>\n<li>2024 Vortrag AG-Anwaltsnotariat im DAV \"Internationale Bez\u00fcge bei der Gestaltung von Ehevertr\u00e4gen\" (Wissensstunde)<\/li>\n<\/ul>\n                <\/div>\r\n            <\/div>\r\n    <script>\r\n        (function($) {\r\n\r\n            $(document).ready(function() {\r\n                accordions_active_index_23745 = [];\r\n                        })\r\n        })(jQuery);\r\n    <\/script>    <script>\r\n        (function($) {\r\n            $(document).ready(function() {\r\n                accordion_23745 = $(\"#accordions-23745 .items\").accordion({\r\n                    event: \"click\",\r\n                    collapsible: true,\r\n                    heightStyle: \"content\",\r\n                    animate: (\"swing\", 1000),\r\n                    navigation: true,\r\n                    active: 999,\r\n                                            beforeActivate: function(event, ui) {\r\n                            if (ui.newHeader[0] != undefined) {\r\n                                var disabled = ui.newHeader[0].getAttribute('disabled');\r\n                                console.log(disabled);\r\n                                if (disabled == 'disabled') {\r\n                                    event.preventDefault();\r\n                                }\r\n                            }\r\n                        },\r\n                                    });\r\n            })\r\n        })(jQuery);\r\n    <\/script>\r\n                <\/div>\n<\/div>\n<\/div>\n\n\n\n<p><\/p>","protected":false},"excerpt":{"rendered":"<p>Dr. Andreas Hanke Rechtsanwalt &amp; Notar<\/p>","protected":false},"author":1,"featured_media":0,"parent":0,"menu_order":0,"comment_status":"closed","ping_status":"closed","template":"","meta":[],"_links":{"self":[{"href":"https:\/\/ssh.sawal.berlin\/en\/wp-json\/wp\/v2\/pages\/23746"}],"collection":[{"href":"https:\/\/ssh.sawal.berlin\/en\/wp-json\/wp\/v2\/pages"}],"about":[{"href":"https:\/\/ssh.sawal.berlin\/en\/wp-json\/wp\/v2\/types\/page"}],"author":[{"embeddable":true,"href":"https:\/\/ssh.sawal.berlin\/en\/wp-json\/wp\/v2\/users\/1"}],"replies":[{"embeddable":true,"href":"https:\/\/ssh.sawal.berlin\/en\/wp-json\/wp\/v2\/comments?post=23746"}],"version-history":[{"count":9,"href":"https:\/\/ssh.sawal.berlin\/en\/wp-json\/wp\/v2\/pages\/23746\/revisions"}],"predecessor-version":[{"id":24744,"href":"https:\/\/ssh.sawal.berlin\/en\/wp-json\/wp\/v2\/pages\/23746\/revisions\/24744"}],"wp:attachment":[{"href":"https:\/\/ssh.sawal.berlin\/en\/wp-json\/wp\/v2\/media?parent=23746"}],"curies":[{"name":"wp","href":"https:\/\/api.w.org\/{rel}","templated":true}]}}