{"id":23727,"date":"2020-02-04T13:21:27","date_gmt":"2020-02-04T13:21:27","guid":{"rendered":"https:\/\/ssh.sawal.berlin\/?page_id=23727"},"modified":"2025-12-08T10:25:31","modified_gmt":"2025-12-08T10:25:31","slug":"dominik-schueller","status":"publish","type":"page","link":"https:\/\/ssh.sawal.berlin\/en\/dominik-schueller","title":{"rendered":"Dominik Sch\u00fcller"},"content":{"rendered":"<div class=\"is-layout-flex wp-container-3 wp-block-columns\">\n<div class=\"is-layout-flow wp-block-column\" style=\"flex-basis:40%\">\n<figure class=\"wp-block-image size-large\"><img decoding=\"async\" loading=\"lazy\" width=\"1024\" height=\"683\" src=\"https:\/\/ssh.sawal.berlin\/wp-content\/uploads\/2019\/12\/Kanzlei-finished-195-von-387-1024x683.jpg\" alt=\"\" class=\"wp-image-22595\" srcset=\"https:\/\/ssh.sawal.berlin\/wp-content\/uploads\/2019\/12\/Kanzlei-finished-195-von-387-1024x683.jpg 1024w, https:\/\/ssh.sawal.berlin\/wp-content\/uploads\/2019\/12\/Kanzlei-finished-195-von-387-300x200.jpg 300w, https:\/\/ssh.sawal.berlin\/wp-content\/uploads\/2019\/12\/Kanzlei-finished-195-von-387-768x512.jpg 768w, https:\/\/ssh.sawal.berlin\/wp-content\/uploads\/2019\/12\/Kanzlei-finished-195-von-387-1536x1024.jpg 1536w, https:\/\/ssh.sawal.berlin\/wp-content\/uploads\/2019\/12\/Kanzlei-finished-195-von-387-2048x1365.jpg 2048w, https:\/\/ssh.sawal.berlin\/wp-content\/uploads\/2019\/12\/Kanzlei-finished-195-von-387-700x467.jpg 700w, https:\/\/ssh.sawal.berlin\/wp-content\/uploads\/2019\/12\/Kanzlei-finished-195-von-387-600x400.jpg 600w\" sizes=\"(max-width: 1024px) 100vw, 1024px\" \/><\/figure>\n\n\n\n<figure class=\"wp-block-image size-large\"><img decoding=\"async\" loading=\"lazy\" width=\"1024\" height=\"683\" src=\"https:\/\/ssh.sawal.berlin\/wp-content\/uploads\/2020\/03\/Kanzlei-finished-266-von-387-1024x683.jpg\" alt=\"\" class=\"wp-image-23778\" srcset=\"https:\/\/ssh.sawal.berlin\/wp-content\/uploads\/2020\/03\/Kanzlei-finished-266-von-387-1024x683.jpg 1024w, https:\/\/ssh.sawal.berlin\/wp-content\/uploads\/2020\/03\/Kanzlei-finished-266-von-387-300x200.jpg 300w, https:\/\/ssh.sawal.berlin\/wp-content\/uploads\/2020\/03\/Kanzlei-finished-266-von-387-768x512.jpg 768w, https:\/\/ssh.sawal.berlin\/wp-content\/uploads\/2020\/03\/Kanzlei-finished-266-von-387-1536x1024.jpg 1536w, https:\/\/ssh.sawal.berlin\/wp-content\/uploads\/2020\/03\/Kanzlei-finished-266-von-387-2048x1365.jpg 2048w, https:\/\/ssh.sawal.berlin\/wp-content\/uploads\/2020\/03\/Kanzlei-finished-266-von-387-700x467.jpg 700w\" sizes=\"(max-width: 1024px) 100vw, 1024px\" \/><\/figure>\n\n\n\n<figure class=\"wp-block-image size-large\"><img decoding=\"async\" loading=\"lazy\" width=\"1024\" height=\"683\" src=\"https:\/\/ssh.sawal.berlin\/wp-content\/uploads\/2020\/03\/Kanzlei-finished-258-von-387-1024x683.jpg\" alt=\"\" class=\"wp-image-23779\" srcset=\"https:\/\/ssh.sawal.berlin\/wp-content\/uploads\/2020\/03\/Kanzlei-finished-258-von-387-1024x683.jpg 1024w, https:\/\/ssh.sawal.berlin\/wp-content\/uploads\/2020\/03\/Kanzlei-finished-258-von-387-300x200.jpg 300w, https:\/\/ssh.sawal.berlin\/wp-content\/uploads\/2020\/03\/Kanzlei-finished-258-von-387-768x512.jpg 768w, https:\/\/ssh.sawal.berlin\/wp-content\/uploads\/2020\/03\/Kanzlei-finished-258-von-387-1536x1024.jpg 1536w, https:\/\/ssh.sawal.berlin\/wp-content\/uploads\/2020\/03\/Kanzlei-finished-258-von-387-2048x1365.jpg 2048w, https:\/\/ssh.sawal.berlin\/wp-content\/uploads\/2020\/03\/Kanzlei-finished-258-von-387-700x467.jpg 700w\" sizes=\"(max-width: 1024px) 100vw, 1024px\" \/><\/figure>\n<\/div>\n\n\n\n<div class=\"is-layout-flow wp-block-column\" style=\"flex-basis:60%\">\n<h1>Dominik Sch\u00fcller<\/h1>\n\n\n\n<h1>Notary and lawyer<\/h1>\n\n\n<div id=\"accordions-23731\" class=\"accordions-23731 accordions\">\r\n                <style type='text\/css'>\r\n        @media only screen and (min-width: 1024px) {\r\n            #accordions-23731 {\r\n                width: 100%;\r\n                            }\r\n        }\r\n\r\n        @media only screen and (min-width: 768px) and (max-width: 1023px) {\r\n            #accordions-23731 {\r\n                width: 100%;\r\n                            }\r\n        }\r\n\r\n        @media only screen and (min-width: 0px) and (max-width: 767px) {\r\n            #accordions-23731 {\r\n                width: 100%;\r\n                            }\r\n        }\r\n\r\n        #accordions-23731 {\r\n            text-align: left;\r\n            background: #ffffff url() repeat scroll 0 0;\r\n            padding: 20px;\r\n            position: relative;\r\n        }\r\n\r\n        #accordions-23731 .accordions-head {\r\n            background: #ffffff none repeat scroll 0 0;\r\n            margin: 20px;\r\n            padding: 10px;\r\n            outline: none;\r\n        }\r\n\r\n        #accordions-23731 .accordions-head-title {\r\n            color: #001d41;\r\n            font-size: 20px;\r\n                    }\r\n\r\n        #accordions-23731 .accordions-head-title-toggle {\r\n            color: #001d41;\r\n            font-size: 20px;\r\n                    }\r\n\r\n        #accordions-23731 .accordions-head:hover .accordions-head-title {\r\n            color: #001d41;\r\n                    }\r\n\r\n        #accordions-23731 .ui-state-active {\r\n            background: #dddad9;\r\n            border: none;\r\n        }\r\n\r\n        #accordions-23731 .accordion-content {\r\n            background: #ffffff none repeat scroll 0 0;\r\n            color: #001d41;\r\n            font-size: 14px;\r\n            margin: 20px;\r\n            padding: 20px;\r\n            border: none;\r\n        }\r\n\r\n        #accordions-23731 .accordion-icons {\r\n            color: #ffffff;\r\n            margin: 0px;\r\n                    }\r\n\r\n        #accordions-23731 .accordions-head:hover .accordion-icons span {\r\n            color: #ffffff;\r\n                    }\r\n\r\n            <\/style>\r\n<div class=\"items\">\r\n                        <div post_id=\"23731\" itemcount=\"0\"  header_id=\"header-1580745561054\" id=\"header-1580745561054\" style=\"\" class=\"accordions-head head1580745561054 border-none\" toggle-text=\"\" main-text=\"Vita\">\r\n                                            <span id=\"accordion-icons-1580745561054\" class=\"accordion-icons\">\r\n                            <span class=\"accordion-icon-active accordion-plus\"><i class=\"fa none\"><\/i><\/span>\r\n                            <span class=\"accordion-icon-inactive accordion-minus\"><i class=\"fa none\"><\/i><\/span>\r\n                        <\/span>\r\n                        <span id=\"header-text-1580745561054\" class=\"accordions-head-title\">Vita<\/span>\r\n                                    <\/div>\r\n                <div class=\"accordion-content content1580745561054\">\r\n                    <p class=\"p1\"><span class=\"s1\">1981 Born in Berlin<\/span><\/p>\n<p class=\"p1\"><span class=\"s1\">2002-2006 Law studies (Freie Universit\u00e4t Berlin)<\/span><\/p>\n<p class=\"p1\"><span class=\"s1\">2008-2009 legal clerkship at the Kammergericht, Berlin<\/span><\/p>\n<p class=\"p1\"><span class=\"s1\">since 2009 lawyer in Berlin<\/span><\/p>\n<p class=\"p1\"><span class=\"s1\">since 2012 specialist lawyer for tenancy and residential property law<\/span><\/p>\n<p class=\"p1\"><span class=\"s1\">since 2017 lecturer at the University of Economics and Law (HWR)<\/span><\/p>\n<p class=\"p1\"><span class=\"s1\">Appointment as a notary since 2017<\/span><\/p>\n<p class=\"p1\"><span class=\"s1\">since 2018 specialist lawyer for inheritance law<\/span><\/p>\n<p class=\"p1\"><span class=\"s1\">since 2019 foundation advisor (DAS)<\/span><\/p>\n<p class=\"p1\"><span class=\"s1\">Lawyer Dominik Sch\u00fcller is married and has two children.<\/span><\/p>\n<p class=\"p1\"><span class=\"s1\">Working languages: German, English<\/span><\/p>\n                <\/div>\r\n                        <div post_id=\"23731\" itemcount=\"1\"  header_id=\"header-1580748428687\" id=\"header-1580748428687\" style=\"\" class=\"accordions-head head1580748428687 border-none\" toggle-text=\"\" main-text=\"Rechtsgebiete\">\r\n                                            <span id=\"accordion-icons-1580748428687\" class=\"accordion-icons\">\r\n                            <span class=\"accordion-icon-active accordion-plus\"><i class=\"fa none\"><\/i><\/span>\r\n                            <span class=\"accordion-icon-inactive accordion-minus\"><i class=\"fa none\"><\/i><\/span>\r\n                        <\/span>\r\n                        <span id=\"header-text-1580748428687\" class=\"accordions-head-title\">Areas<\/span>\r\n                                    <\/div>\r\n                <div class=\"accordion-content content1580748428687\">\r\n                    <p class=\"p1\"><span class=\"s1\">Dominik Sch\u00fcller works primarily as a notary in all areas of law. As a lawyer, he takes on selected inheritance and real estate law mandates. In the area of \u200b\u200btenancy and condominium law, the focus is on advising and drafting contracts. Here he benefits from his many years of experience as a litigator in this area. Attorney Sch\u00fcller works forensically in the area of \u200b\u200btenancy and condominium law, especially in the case of personal termination. In inheritance law, he also supports non-profit organizations in the handling of estates and legacies as well as in the area of \u200b\u200bfundraising and gives lectures on this topic. The spectrum ranges from classic will advice for the benefit of non-profit organizations to setting up your own foundation.<\/span><\/p>\n<p class=\"p1\"><span class=\"s1\">Lawyer and notary Sch\u00fcller is a specialist lawyer for inheritance law as well as<span class=\"Apple-converted-space\">\u00a0 <\/span>tenancy and WEG law and a certified foundation advisor. For the University of Economics and Law, he regularly gives lectures on the subject of \"Contract drafting in real estate law\".<\/span><\/p>\n                <\/div>\r\n                        <div post_id=\"23731\" itemcount=\"2\"  header_id=\"header-1580748463960\" id=\"header-1580748463960\" style=\"\" class=\"accordions-head head1580748463960 border-none\" toggle-text=\"\" main-text=\"Mitgliedschaften\">\r\n                                            <span id=\"accordion-icons-1580748463960\" class=\"accordion-icons\">\r\n                            <span class=\"accordion-icon-active accordion-plus\"><i class=\"fa none\"><\/i><\/span>\r\n                            <span class=\"accordion-icon-inactive accordion-minus\"><i class=\"fa none\"><\/i><\/span>\r\n                        <\/span>\r\n                        <span id=\"header-text-1580748463960\" class=\"accordions-head-title\">Memberships<\/span>\r\n                                    <\/div>\r\n                <div class=\"accordion-content content1580748463960\">\r\n                    <ul class=\"ul1\">\n<li class=\"li1\"><span class=\"s2\">Rechtsanwaltskammer Berlin (Berlin Bar Association)<\/span><\/li>\n<li class=\"li1\"><span class=\"s2\">Deutscher Anwaltsverein e.V.<\/span><\/li>\n<li class=\"li1\"><span class=\"s2\">Mitglied der Arbeitsgemeinschaft Anwaltsnotariat im DAV<\/span><\/li>\n<li class=\"li1\"><span class=\"s2\">Berliner Anwaltsverein e.V.<\/span><\/li>\n<\/ul>\n                <\/div>\r\n                        <div post_id=\"23731\" itemcount=\"3\"  header_id=\"header-1580748503288\" id=\"header-1580748503288\" style=\"\" class=\"accordions-head head1580748503288 border-none\" toggle-text=\"\" main-text=\"Ver\u00f6ffentlichungen\">\r\n                                            <span id=\"accordion-icons-1580748503288\" class=\"accordion-icons\">\r\n                            <span class=\"accordion-icon-active accordion-plus\"><i class=\"fa none\"><\/i><\/span>\r\n                            <span class=\"accordion-icon-inactive accordion-minus\"><i class=\"fa none\"><\/i><\/span>\r\n                        <\/span>\r\n                        <span id=\"header-text-1580748503288\" class=\"accordions-head-title\">Publications<\/span>\r\n                                    <\/div>\r\n                <div class=\"accordion-content content1580748503288\">\r\n                    <ul class=\"ul1\">\n<li class=\"li2\"><span class=\"s1\">Maklercourtage entf\u00e4llt bei arglistigen Verk\u00e4ufern (Grundeigentum 2016, S. 231)<\/span><\/li>\n<li class=\"li2\"><span class=\"s1\">Die gewerbliche Weitervermietung nach \u00a7 565 BGB (juris\/AZO, 8\/2016)<\/span><\/li>\n<li class=\"li2\"><span class=\"s1\">Schadensersatz bei fehlerhafter Jahresabrechnung (Grundeigentum 2016, S. __)<\/span><\/li>\n<li class=\"li2\"><span class=\"s1\">Grundbuchamt muss Unterlagen herausgeben (Grundeigentum 2016, S. ___)<\/span><\/li>\n<li class=\"li2\"><span class=\"s1\">Verzugszinsen bei Verzug mit dem Anspruch auf R\u00fcckzahlung der Mietkaution (juris\/AZO, 10\/2017)<\/span><\/li>\n<li class=\"li2\"><span class=\"s1\">Im Streitfall richtig handeln (Der Hausmeister 01\/2018)<\/span><\/li>\n<li class=\"li2\"><span class=\"s1\">Warum man mit der richtigen Vertragsgestaltung seine Immobilie doch an Kinder verschenken kann (Grundeigentum 10\/2018, S. 626))<\/span><\/li>\n<li class=\"li2\"><span class=\"s1\">Beten und Singen im Teileigentum erlaubt (Grundeigentum 12\/2018, S. 744)<\/span><\/li>\n<li class=\"li2\"><span class=\"s1\">\u00d6ffentlich-rechtliche Voraussetzung als Voraussetzung einer duldungspflichtigen Modernisierungsma\u00dfnahme (juris\/AZO, 3\/2019)<\/span><\/li>\n<li class=\"li2\"><span class=\"s1\">Zwangsvollstreckungsunterwerfung wegen Wohngeldzahlung: Ein verkanntes Instrument oder Haftungsfalle f\u00fcr den Verwalter? (juris\/AZO, \/2019)<\/span><\/li>\n<\/ul>\n                <\/div>\r\n                        <div post_id=\"23731\" itemcount=\"4\"  header_id=\"header-1580822659731\" id=\"header-1580822659731\" style=\"\" class=\"accordions-head head1580822659731 border-none\" toggle-text=\"\" main-text=\"Legal Tribune\">\r\n                                            <span id=\"accordion-icons-1580822659731\" class=\"accordion-icons\">\r\n                            <span class=\"accordion-icon-active accordion-plus\"><i class=\"fa none\"><\/i><\/span>\r\n                            <span class=\"accordion-icon-inactive accordion-minus\"><i class=\"fa none\"><\/i><\/span>\r\n                        <\/span>\r\n                        <span id=\"header-text-1580822659731\" class=\"accordions-head-title\">Legal Tribune<\/span>\r\n                                    <\/div>\r\n                <div class=\"accordion-content content1580822659731\">\r\n                    <p>Attorney Sch\u00fcller regularly publishes amounts on the Legal Tribune website. The complete publications can be found under his author profile (https:\/\/www.lto.de\/autoren\/name\/dominik-schueller). A selection follows: BGH on modernization costs for communal property, my window, your window, our window? BGH on termination due to personal use, In case of doubt for the expert opinion BGH on fiscal liability, The state is a special legacy BGH on cosmetic repairs, The tenants win again BGH strengthens tenants' rights No fear of astronomical operating costs BGH protects tenants from termination for sale, Not at any cost BGH on conversion from residential to business premises, personal use is not the same as personal use SPD wants cheaper housing purchases, buyer principle for property brokers will fail.<\/p>\n                <\/div>\r\n                        <div post_id=\"23731\" itemcount=\"5\"  header_id=\"header-1580748629062\" id=\"header-1580748629062\" style=\"\" class=\"accordions-head head1580748629062 border-none\" toggle-text=\"\" main-text=\"Dozentent\u00e4tigkeit\">\r\n                                            <span id=\"accordion-icons-1580748629062\" class=\"accordion-icons\">\r\n                            <span class=\"accordion-icon-active accordion-plus\"><i class=\"fa none\"><\/i><\/span>\r\n                            <span class=\"accordion-icon-inactive accordion-minus\"><i class=\"fa none\"><\/i><\/span>\r\n                        <\/span>\r\n                        <span id=\"header-text-1580748629062\" class=\"accordions-head-title\">Lecturer activity<\/span>\r\n                                    <\/div>\r\n                <div class=\"accordion-content content1580748629062\">\r\n                    <ul>\n<li><span class=\"s2\">Since 2017 lecturer at the University of Economics and Law (\"Contract drafting in real estate law\")<\/span><\/li>\n<li><span class=\"s2\">regular seminars on the subject of termination for personal use<\/span><\/li>\n<li><span class=\"s2\">In-house seminars on drafting wills<\/span><\/li>\n<\/ul>\n<p class=\"p1\"><span class=\"s1\">For (non-profit) organizations and associations, lawyer and notary Dominik Sch\u00fcller also offers internal or external events \/ seminars on the subject of inheritance and inheritance, inheritance fundraising and provision. <\/span><\/p>\n                <\/div>\r\n            <\/div>\r\n    <script>\r\n        (function($) {\r\n\r\n            $(document).ready(function() {\r\n                accordions_active_index_23731 = {\"1580745561054\":0};\r\n                        })\r\n        })(jQuery);\r\n    <\/script><script type=\"application\/ld+json\">\r\n        {\r\n            \"@context\": \"https:\/\/schema.org\",\r\n            \"@type\": \"FAQPage\",\r\n            \"mainEntity\": [{\r\n    \"@type\": \"Question\",\r\n    \"name\": \"Vita\",\r\n    \"acceptedAnswer\":{\r\n    \"@type\": \"Answer\",\r\n    \"text\": \"1981 Geboren in Berlin2002-2006 Studium der Rechtswissenschaften (Frei Universit\u00e4t Berlin)2008-2009 Referendariat am Kammergericht, Berlinseit 2009 Rechtsanwalt in Berlinseit 2012 Fachanwalt f\u00fcr Miet- und WEG-Rechtseit 2017 Lehrbeauftragter an der Hochschule f\u00fcr Wirtschaft und Recht (HWR)seit 2017 Bestellung zum Notarseit 2018 Fachanwalt f\u00fcr Erbrechtseit 2019 Stiftungsberater (DAS)Rechtsanwalt Dominik Sch\u00fcller ist verheiratet und Vater von zwei Kindern.Arbeitssprachen: Deutsch, Englisch\"\r\n    }\r\n    },{\r\n    \"@type\": \"Question\",\r\n    \"name\": \"Rechtsgebiete\",\r\n    \"acceptedAnswer\":{\r\n    \"@type\": \"Answer\",\r\n    \"text\": \"Rechtsanwalt Dominik Sch\u00fcller ist vorwiegend als Notar in allen Rechtsgebieten t\u00e4tig. Als Rechtsanwalt \u00fcbernimmt er ausgew\u00e4hlte erb- und immobilienrechtlich Mandate. Im Bereich des Miet- und Wohnungseigentumsrechts liegt der Schwerpunkt in der Beratung und Gestaltung von Vertr\u00e4gen. Hierbei kommt ihm seine jahrelange Erfahrung als Prozessanwalt in diesem Bereich zugute. Forensisch t\u00e4tig ist Rechtsanwalt Sch\u00fcller im Bereich des Miet- und Wohnungseigentumsrechts vor allem bei Eigenbedarfsk\u00fcndigungen. Im Erbrecht betreut er auch gemeinn\u00fctzige Organisationen bei der Abwicklung von Nachl\u00e4ssen und Legaten sowie im Bereich des Fundraisings und h\u00e4lt Vortr\u00e4ge zu diesem Thema. Das Spektrum geht von der klassischen Testamentsberatung zugunsten gemeinn\u00fctziger Organisationen bis zur Gr\u00fcndung einer eigenen Stiftung.Rechtsanwalt und Notar Sch\u00fcller ist Fachanwalt f\u00fcr Erbrecht sowie\u00a0 Miet- und WEG-Recht und zertifizierter Stiftungsberater. F\u00fcr die Hochschule f\u00fcr Wirtschaft und Recht h\u00e4lt er regelm\u00e4\u00dfig Vorlesungen zum Thema \u201eVertragsgestaltung im Immobilienrecht\u201c.\"\r\n    }\r\n    },{\r\n    \"@type\": \"Question\",\r\n    \"name\": \"Mitgliedschaften\",\r\n    \"acceptedAnswer\":{\r\n    \"@type\": \"Answer\",\r\n    \"text\": \"Rechtsanwaltskammer Berlin (Berlin Bar Association) \tDeutscher Anwaltsverein e.V. \tMitglied der Arbeitsgemeinschaft Anwaltsnotariat im DAV \tBerliner Anwaltsverein e.V.\"\r\n    }\r\n    },{\r\n    \"@type\": \"Question\",\r\n    \"name\": \"Ver\u00f6ffentlichungen\",\r\n    \"acceptedAnswer\":{\r\n    \"@type\": \"Answer\",\r\n    \"text\": \"Maklercourtage entf\u00e4llt bei arglistigen Verk\u00e4ufern (Grundeigentum 2016, S. 231) \tDie gewerbliche Weitervermietung nach \u00a7 565 BGB (juris\/AZO, 8\/2016) \tSchadensersatz bei fehlerhafter Jahresabrechnung (Grundeigentum 2016, S. __) \tGrundbuchamt muss Unterlagen herausgeben (Grundeigentum 2016, S. ___) \tVerzugszinsen bei Verzug mit dem Anspruch auf R\u00fcckzahlung der Mietkaution (juris\/AZO, 10\/2017) \tIm Streitfall richtig handeln (Der Hausmeister 01\/2018) \tWarum man mit der richtigen Vertragsgestaltung seine Immobilie doch an Kinder verschenken kann (Grundeigentum 10\/2018, S. 626)) \tBeten und Singen im Teileigentum erlaubt (Grundeigentum 12\/2018, S. 744) \t\u00d6ffentlich-rechtliche Voraussetzung als Voraussetzung einer duldungspflichtigen Modernisierungsma\u00dfnahme (juris\/AZO, 3\/2019) \tZwangsvollstreckungsunterwerfung wegen Wohngeldzahlung: Ein verkanntes Instrument oder Haftungsfalle f\u00fcr den Verwalter? (juris\/AZO, \/2019)\"\r\n    }\r\n    },{\r\n    \"@type\": \"Question\",\r\n    \"name\": \"Legal Tribune\",\r\n    \"acceptedAnswer\":{\r\n    \"@type\": \"Answer\",\r\n    \"text\": \"Rechtsanwalt Sch\u00fcller ver\u00f6ffentlicht regelm\u00e4\u00dfig Betr\u00e4ge auf der Seite der Legal Tribune. Die vollst\u00e4ndigen Ver\u00f6ffentlichungen lassen sich unter seinem Autorenprofil abrufen (https:\/\/www.lto.de\/autoren\/name\/dominik-schueller). Es folgt eine Auswahl: BGH zu Modernisierungskosten f\u00fcr Gemeinschaftseigentum, Mein Fenster, dein Fenster, unser Fenster? BGH zur K\u00fcndigung wegen Eigenbedarfs, Im Zweifel f\u00fcr das Sachverst\u00e4ndigengutachten BGH zur Fiskushaftung, Der Staat ist ein besonderer Erbe BGH zu Sch\u00f6nheitsreparaturen, Wieder siegen die Mieter BGH st\u00e4rkt Mieterrechte Keine Angst vor astronomischen Betriebskosten BGH sch\u00fctzt Mieter vor Verwertungsk\u00fcndigung, Nicht um jeden Preis BGH zur Umwandlung von Wohn- in Gesch\u00e4ftsr\u00e4ume, Eigenbedarf ist nicht gleich Eigenbedarf SPD will billigere Wohnungsk\u00e4ufe, Bestellerprinzip f\u00fcr Eigentumsmakler wird scheitern\"\r\n    }\r\n    },{\r\n    \"@type\": \"Question\",\r\n    \"name\": \"Dozentent\u00e4tigkeit\",\r\n    \"acceptedAnswer\":{\r\n    \"@type\": \"Answer\",\r\n    \"text\": \"Seit 2017 Dozent an der Hochschule f\u00fcr Wirtschaft und Recht (\u201eVertragsgestaltung im Immobilienrecht\u201c) \tregelm\u00e4\u00dfige Seminare zum Thema Eigenbedarfsk\u00fcndigung \tInhouse-Seminare zum Thema TestamentsgestaltungF\u00fcr (gemeinn\u00fctzige) Organisationen und Verb\u00e4nde biete Rechtsanwalt und Notar Dominik Sch\u00fcller auch interne oder externe Veranstaltungen\/Seminare zum Thema Erben und Vererben, Erbschaftsfundraising und Vorsorge an.\"\r\n    }\r\n    }]\r\n        }\r\n    <\/script>    <script>\r\n        (function($) {\r\n            $(document).ready(function() {\r\n                accordion_23731 = $(\"#accordions-23731 .items\").accordion({\r\n                    event: \"click\",\r\n                    collapsible: true,\r\n                    heightStyle: \"content\",\r\n                    animate: (\"swing\", 1000),\r\n                    navigation: true,\r\n                    active: 999,\r\n                                            beforeActivate: function(event, ui) {\r\n                            if (ui.newHeader[0] != undefined) {\r\n                                var disabled = ui.newHeader[0].getAttribute('disabled');\r\n                                console.log(disabled);\r\n                                if (disabled == 'disabled') {\r\n                                    event.preventDefault();\r\n                                }\r\n                            }\r\n                        },\r\n                                    });\r\n            })\r\n        })(jQuery);\r\n    <\/script>\r\n                <\/div>\n<\/div>\n<\/div>","protected":false},"excerpt":{"rendered":"<p>Dominik Sch\u00fcller Notar &amp; Rechtsanwalt<\/p>","protected":false},"author":1,"featured_media":0,"parent":0,"menu_order":0,"comment_status":"closed","ping_status":"closed","template":"","meta":[],"_links":{"self":[{"href":"https:\/\/ssh.sawal.berlin\/en\/wp-json\/wp\/v2\/pages\/23727"}],"collection":[{"href":"https:\/\/ssh.sawal.berlin\/en\/wp-json\/wp\/v2\/pages"}],"about":[{"href":"https:\/\/ssh.sawal.berlin\/en\/wp-json\/wp\/v2\/types\/page"}],"author":[{"embeddable":true,"href":"https:\/\/ssh.sawal.berlin\/en\/wp-json\/wp\/v2\/users\/1"}],"replies":[{"embeddable":true,"href":"https:\/\/ssh.sawal.berlin\/en\/wp-json\/wp\/v2\/comments?post=23727"}],"version-history":[{"count":6,"href":"https:\/\/ssh.sawal.berlin\/en\/wp-json\/wp\/v2\/pages\/23727\/revisions"}],"predecessor-version":[{"id":24614,"href":"https:\/\/ssh.sawal.berlin\/en\/wp-json\/wp\/v2\/pages\/23727\/revisions\/24614"}],"wp:attachment":[{"href":"https:\/\/ssh.sawal.berlin\/en\/wp-json\/wp\/v2\/media?parent=23727"}],"curies":[{"name":"wp","href":"https:\/\/api.w.org\/{rel}","templated":true}]}}