{"id":23246,"date":"2020-01-19T12:02:01","date_gmt":"2020-01-19T12:02:01","guid":{"rendered":"https:\/\/ssh.sawal.berlin\/?page_id=23246"},"modified":"2025-12-09T10:06:38","modified_gmt":"2025-12-09T10:06:38","slug":"impressum","status":"publish","type":"page","link":"https:\/\/ssh.sawal.berlin\/en\/impressum","title":{"rendered":"Impressum"},"content":{"rendered":"<h1><strong>Impressum nach \u00a7 5 TMG<\/strong><\/h1>\n\n\n\n<p><br><strong>SAWAL . SCH\u00dcLLER . HANKE<\/strong><br>Rechtsanw\u00e4lte . Notare . Fachanw\u00e4lte<br>B\u00fcrogemeinschaft der Rechtanw\u00e4lte &amp; Notare Axel Sawal und <br>Dominik Sch\u00fcller und Rechtsanwalt Dr. Andreas Hanke<br>Joachimsthaler Stra\u00dfe 24, 10719 Berlin<\/p>\n\n\n\n<p>Telefon Notare: +49 (0) 30 88 92 75 75<br>Telefon Anw\u00e4lte: +49 (0) 30 88 92 75 55<br>Fax: +49 (0) 30 88 92 75 66<br>E-Mail: notariat@sawal.berlin<br>E-Mail:&nbsp;kanzlei@sawal.berlin<br>USt.-Identnummer Axel Sawal: DE161616093<br>USt.-Identnummer Dominik Sch\u00fcller: DE31206929<br>USt.-Identnummer Dr. Andreas Hanke: DE3532963096<\/p>\n\n\n\n<p>Alle Rechtsanw\u00e4lte sind in Deutschland zugelassen und geh\u00f6ren der Rechtsanwaltskammer Berlin an:<br>Littenstr. 9, 10179 Berlin; Telefon: (030) 306931-0; Telefax: (030) 30693199; E-Mail:&nbsp;<a href=\"mailto:info@rak-berlin.de\">info@rak-berlin.de<\/a><\/p>\n\n\n\n<p>Zust\u00e4ndige Aufsichtsbeh\u00f6rden f\u00fcr alle Notare sind: Pr\u00e4sident\/in des Landgerichts II (<a rel=\"noreferrer noopener\" href=\"https:\/\/www.berlin.de\/gerichte\/landgericht-zivil\/das-gericht\/wir-ueber-uns\/der-praesident-die-praesidentin\/artikel.1374318.php\" target=\"_blank\">Link<\/a>), das Kammergericht Berlin (<a href=\"https:\/\/www.berlin.de\/gerichte\/kammergericht\/\" target=\"_blank\" rel=\"noreferrer noopener\">Link<\/a>) sowie die Senatsverwaltung f\u00fcr Justiz und Verbraucherschutz (<a href=\"https:\/\/www.berlin.de\/sen\/justiz\/\" target=\"_blank\" rel=\"noreferrer noopener\">Link<\/a>)<\/p>\n\n\n\n<p>Zust\u00e4ndige Notarkammer f\u00fcr alle Notare ist die&nbsp;Notarkammer Berlin:<br>Littenstra\u00dfe 10, 10179 Berlin;&nbsp;Telefon: (030)24 62 90-0;&nbsp;Telefax: (030)24 62 90-25; E-Mail:&nbsp;<a href=\"mailto:%20info@notarkammer-berlin.de\">info@notarkammer-berlin.de<\/a><\/p>\n\n\n\n<p>Berufshaftpflichtversicherung Axel Sawal und Dominik Sch\u00fcller (je als Rechtsanwalt und Notar) f\u00fcr alle o.g. Berufstr\u00e4ger ist die&nbsp;<a href=\"https:\/\/www.ruv.de\/\">R+V Versicherung<\/a>, Taunusstra\u00dfe 1, 65193 Wiesbaden. Die Berufshaftpflichtversicherung von Rechtsanwalt Dr. Andreas Hanke ist die Axa Versicherung AG,  Colonia-Allee 10-20, 51067 K\u00f6ln. Der r\u00e4umliche Geltungsbereich der v.g. Versicherungen ist ausschlie\u00dflich Deutschland.<\/p>\n\n\n\n<p><strong>Es gelten folgende Geb\u00fchren- und Berufsordnungen und berufsrechtliche Regelungen f\u00fcr Rechtsanw\u00e4lte und Notare: <\/strong><a rel=\"noreferrer noopener\" href=\"http:\/\/bundesrecht.juris.de\/bundesrecht\/brao\/index.html\" target=\"_blank\">Bundesrechtsanwaltsordnung (BRAO)<\/a><br><a rel=\"noreferrer noopener\" href=\"https:\/\/www.gesetze-im-internet.de\/rvg\/\" target=\"_blank\">Rechtsanwaltsverg\u00fctungsgesetz (RVG)<\/a>, <a href=\"https:\/\/www.gesetze-im-internet.de\/gnotkg\/BJNR258610013.html\">Gericht- und Notarkostengesetz (GNotKG)<\/a>, <a rel=\"noreferrer noopener\" href=\"https:\/\/www.gesetze-im-internet.de\/gnotkg\/BJNR258610013.html\" target=\"_blank\">Gerichts- und Notarkostengesetz<\/a>, <a rel=\"noreferrer noopener\" href=\"https:\/\/www.gesetze-im-internet.de\/bnoto\/\" target=\"_blank\">Bundesnotarordnung<\/a>, <a rel=\"noreferrer noopener\" href=\"https:\/\/www.gesetze-im-internet.de\/beurkg\/\" target=\"_blank\">Beurkundungsgesetz<\/a>, <a rel=\"noreferrer noopener\" href=\"https:\/\/www.gesetze-im-internet.de\/notaktvv\/BJNR224610020.html\" target=\"_blank\">Verordnung \u00fcber die F\u00fchrung notarieller Akten und Verzeichnisse<\/a>, <a rel=\"noreferrer noopener\" href=\"https:\/\/www.berlin.de\/sen\/justiz\/vorschriften\/vorschrift.450895.php\" target=\"_blank\">Dienstordnung f\u00fcr Notare und Notarinnen<\/a><strong>, <\/strong><a href=\"http:\/\/bundesrecht.juris.de\/bundesrecht\/brao\/index.html\">Bundesrechtsanwaltsordnung<\/a>,&nbsp;<a href=\"http:\/\/www.brak.de\/w\/files\/02_fuer_anwaelte\/berufsrecht\/fao-stand-01-07-2017.pdf\">Fachanwaltsordnung<\/a>,&nbsp;<a href=\"http:\/\/www.brak.de\/w\/files\/02_fuer_anwaelte\/Berufsregeln_Mai%202006_090615.pdf\">Standesregeln der Rechtsanw\u00e4lte in der Europ\u00e4ischen Gemeinschaft Berufsregeln der Rechtsanw\u00e4lte der Europ\u00e4ischen Union (CCBE-Berufsregeln)<\/a>. Sie finden die jeweiligen Gesetzestexte und weitere berufsrechtliche Regelungen auch auf der Seite der Bundesrechtsanwaltskammer unter&nbsp;<a rel=\"noreferrer noopener\" href=\"http:\/\/www.brak.de\/fuer-anwaelte\/berufsrecht\/\" target=\"_blank\">www.brak.de<\/a>&nbsp;oder der&nbsp;<a href=\"https:\/\/www.bnotk.de\/\">Bundesnotarkammer.<\/a><\/p>\n\n\n\n<p><strong>Teilnahme an Streitbeilegungsverfahren:<\/strong><a rel=\"noreferrer noopener\" href=\"https:\/\/webgate.ec.europa.eu\/odr\/main\/index.cfm?event=main.home.chooseLanguage\" target=\"_blank\"><br><\/a>Wir nehmen nicht an einem Streitbeilegungsverfahren vor einer Verbraucherschlichtungsstelle teil. Die Verbraucherschlichtungsstelle f\u00fcr Rechtsanw\u00e4lte ist zu erreichen unter: Schlichtungsstelle der Rechtsanwaltschaft, Rauchstra\u00dfe 26, 10787 Berlin, E-Mail&nbsp;<a href=\"mailto:schlichtungsstelle@s-d-r.org\">schlichtungsstelle@s-d-r.org<\/a>, Telefon +49(0)30\/2844417-0, Internet&nbsp;<a href=\"http:\/\/www.schlichtungsstelle-der-rechtsanwaltschaft.de\/\">www.schlichtungsstelle-der-rechtsanwaltschaft.de<\/a><\/p>\n\n\n\n<p>Unsere aktuelle Erkl\u00e4rung zum Datenschutz k\u00f6nnen sie&nbsp;<a href=\"http:\/\/www.sawal.berlin\/wp-content\/uploads\/2018\/06\/DS-Informationen_Stand_Juni_2018.pdf\" target=\"_blank\" rel=\"noreferrer noopener\">hier einsehen oder downloaden<\/a>.<\/p>\n\n\n\n<p>Verantwortlich f\u00fcr den Inhalt der Webseite:<br>Rechtsanwalt &amp; Notar Axel Sawal<br>Rechtsanwalt &amp; Notar Dominik Sch\u00fcller<br>Rechtsanwalt Dr. Andreas Hanke<\/p>\n\n\n\n<p><strong>Gestaltung<\/strong><br>Jakob Sawal | <a href=\"https:\/\/jakob-sawal.de\">https:\/\/jakob-sawal.de<\/a><\/p>\n\n\n\n<p><strong>Fotos<\/strong><br>Stefanie Hanke |<a href=\"https:\/\/www.stephaniehankefotografie.de\/\"> https:\/\/www.stephaniehankefotografie.de<\/a><\/p>","protected":false},"excerpt":{"rendered":"<p>Impressum nach \u00a7 5 TMG SAWAL . SCH\u00dcLLER . HANKERechtsanw\u00e4lte . Notare . Fachanw\u00e4lteB\u00fcrogemeinschaft der Rechtanw\u00e4lte &amp; Notare Axel Sawal und Dominik Sch\u00fcller&#8230;<\/p>","protected":false},"author":1,"featured_media":0,"parent":0,"menu_order":0,"comment_status":"closed","ping_status":"closed","template":"","meta":[],"_links":{"self":[{"href":"https:\/\/ssh.sawal.berlin\/en\/wp-json\/wp\/v2\/pages\/23246"}],"collection":[{"href":"https:\/\/ssh.sawal.berlin\/en\/wp-json\/wp\/v2\/pages"}],"about":[{"href":"https:\/\/ssh.sawal.berlin\/en\/wp-json\/wp\/v2\/types\/page"}],"author":[{"embeddable":true,"href":"https:\/\/ssh.sawal.berlin\/en\/wp-json\/wp\/v2\/users\/1"}],"replies":[{"embeddable":true,"href":"https:\/\/ssh.sawal.berlin\/en\/wp-json\/wp\/v2\/comments?post=23246"}],"version-history":[{"count":15,"href":"https:\/\/ssh.sawal.berlin\/en\/wp-json\/wp\/v2\/pages\/23246\/revisions"}],"predecessor-version":[{"id":24858,"href":"https:\/\/ssh.sawal.berlin\/en\/wp-json\/wp\/v2\/pages\/23246\/revisions\/24858"}],"wp:attachment":[{"href":"https:\/\/ssh.sawal.berlin\/en\/wp-json\/wp\/v2\/media?parent=23246"}],"curies":[{"name":"wp","href":"https:\/\/api.w.org\/{rel}","templated":true}]}}