{"id":23233,"date":"2020-01-19T11:56:45","date_gmt":"2020-01-19T11:56:45","guid":{"rendered":"https:\/\/ssh.sawal.berlin\/?page_id=23233"},"modified":"2025-05-23T09:07:54","modified_gmt":"2025-05-23T09:07:54","slug":"familienrecht","status":"publish","type":"page","link":"https:\/\/ssh.sawal.berlin\/en\/familienrecht","title":{"rendered":"Family Law"},"content":{"rendered":"<h1>Familienrecht und internationales Familienrecht<\/h1>\n\n\n\n<div class=\"is-layout-flex wp-container-3 wp-block-columns\">\n<div class=\"is-layout-flow wp-block-column\">\n<p>Family law is a broad field and not every aspect of life is immediately associated with family law. However, in addition to family law in the narrower sense, especially divorce and the laws regarding parental responsibilities, family law in the broader sense includes references to inheritance and tax law and - in international cases - so-called international private law (or conflict of laws). <\/p>\n\n\n\n<p>Family law in the narrower sense essentially determines the legal consequences of a separation. In addition to the economic aspects, it includes personal aspects, e.g. the right of custody (or decision-making) and visitation\/access with\/to joint children. <\/p>\n\n\n\n<p>The economic aspects include, among other things, compensation under matrimonial property law (e.g. compensation for accrued gains), the handling of pension entitlements acquired in the marriage as well as spousal and child support. In addition, in many cases, the settlement of jointly acquired real estate and company shares is necessary. <\/p>\n\n\n\n<p>We are happy to work on complex legal issues and are not afraid of cross-border cases, especially with respect to the United States and Canada. <br><br><\/p>\n<\/div>\n\n\n\n<div class=\"is-layout-flow wp-block-column\">\n<p>Herr Rechtsanwalt Dr. Hanke arbeitet seit vielen Jahren \u00fcberwiegend im Bereich des Familienrechts und hat erfolgreich Mandanten\/innen in fast allen denkbaren familienrechtlichen Konstellationen begleitet und vertreten. Unterst\u00fctzt wird Rechtsanwalt Dr. Hanke im Familienrecht von Rechtsanw\u00e4ltin von Auer, die auf umfangreiche Erfahrungen im internationalen Privatrecht zur\u00fcckgreifen kann. <\/p>\n\n\n\n<p>In recent years, an extensive network of colleagues in the USA and Canada has been cultivated and expanded, enabling him to work in a spirit of mutual trust at a substantial professional level. In the USA and Canada, we are also available to you as experts for German family law. We can also look back on many years of experience in dealing with US and Canadian authorities and courts. Mr. Hanke had numerous appearances as expert witness in US Courts in the past. <\/p>\n\n\n\n<p>In addition, we develop or negotiate for you preventive marriage contracts (pre- and post-nuptial agreements), partnership agreements or agreements on the consequences of divorce, also with reference to corporate law or real estate law. Here we are happy to act - depending on your needs - as a notary public or attorney to represent your interests. <\/p>\n\n\n\n<p>Ein weiterer Schwerpunkt unserer T\u00e4tigkeit ist die vertragliche Gestaltung sog. &#8220;Familienpools&#8221; oder &#8220;Familiengesellschaften&#8221;. In enger Abstimmung mit spezialisierten Steuerberatern entwickeln wir ma\u00dfgeschneiderte L\u00f6sungen, wenn es um die in vielerlei Hinsicht optimale \u00dcbertragung von Verm\u00f6gen auf die n\u00e4chste Generation geht. <br><br><\/p>\n\n\n\n<figure class=\"wp-block-image size-large is-resized\"><img decoding=\"async\" loading=\"lazy\" src=\"https:\/\/ssh.sawal.berlin\/wp-content\/uploads\/2025\/05\/Logo-INCADAT-sponsor-1024x512.png\" alt=\"\" class=\"wp-image-24756\" width=\"233\" height=\"117\" srcset=\"https:\/\/ssh.sawal.berlin\/wp-content\/uploads\/2025\/05\/Logo-INCADAT-sponsor-1024x512.png 1024w, https:\/\/ssh.sawal.berlin\/wp-content\/uploads\/2025\/05\/Logo-INCADAT-sponsor-300x150.png 300w, https:\/\/ssh.sawal.berlin\/wp-content\/uploads\/2025\/05\/Logo-INCADAT-sponsor-768x384.png 768w, https:\/\/ssh.sawal.berlin\/wp-content\/uploads\/2025\/05\/Logo-INCADAT-sponsor-1536x769.png 1536w, https:\/\/ssh.sawal.berlin\/wp-content\/uploads\/2025\/05\/Logo-INCADAT-sponsor-2048x1025.png 2048w, https:\/\/ssh.sawal.berlin\/wp-content\/uploads\/2025\/05\/Logo-INCADAT-sponsor-18x9.png 18w, https:\/\/ssh.sawal.berlin\/wp-content\/uploads\/2025\/05\/Logo-INCADAT-sponsor-1000x500.png 1000w, https:\/\/ssh.sawal.berlin\/wp-content\/uploads\/2025\/05\/Logo-INCADAT-sponsor-700x350.png 700w\" sizes=\"(max-width: 233px) 100vw, 233px\" \/><\/figure>\n<\/div>\n<\/div>","protected":false},"excerpt":{"rendered":"<p>Familienrecht und internationales Familienrecht Familienrecht ist ein weites Feld und nicht jeder Lebenssachverhalt wird sofort mit dem Familienrecht assoziiert. Aber neben dem Familienrecht&#8230;<\/p>","protected":false},"author":1,"featured_media":0,"parent":0,"menu_order":0,"comment_status":"closed","ping_status":"closed","template":"","meta":[],"_links":{"self":[{"href":"https:\/\/ssh.sawal.berlin\/en\/wp-json\/wp\/v2\/pages\/23233"}],"collection":[{"href":"https:\/\/ssh.sawal.berlin\/en\/wp-json\/wp\/v2\/pages"}],"about":[{"href":"https:\/\/ssh.sawal.berlin\/en\/wp-json\/wp\/v2\/types\/page"}],"author":[{"embeddable":true,"href":"https:\/\/ssh.sawal.berlin\/en\/wp-json\/wp\/v2\/users\/1"}],"replies":[{"embeddable":true,"href":"https:\/\/ssh.sawal.berlin\/en\/wp-json\/wp\/v2\/comments?post=23233"}],"version-history":[{"count":16,"href":"https:\/\/ssh.sawal.berlin\/en\/wp-json\/wp\/v2\/pages\/23233\/revisions"}],"predecessor-version":[{"id":24758,"href":"https:\/\/ssh.sawal.berlin\/en\/wp-json\/wp\/v2\/pages\/23233\/revisions\/24758"}],"wp:attachment":[{"href":"https:\/\/ssh.sawal.berlin\/en\/wp-json\/wp\/v2\/media?parent=23233"}],"curies":[{"name":"wp","href":"https:\/\/api.w.org\/{rel}","templated":true}]}}