{"id":23229,"date":"2020-01-19T11:56:06","date_gmt":"2020-01-19T11:56:06","guid":{"rendered":"https:\/\/ssh.sawal.berlin\/?page_id=23229"},"modified":"2023-07-02T06:20:00","modified_gmt":"2023-07-02T06:20:00","slug":"erbrecht","status":"publish","type":"page","link":"https:\/\/ssh.sawal.berlin\/en\/erbrecht","title":{"rendered":"Inheritance Law"},"content":{"rendered":"<h1>Inheritance Law<\/h1>\n\n\n\n<div class=\"is-layout-flex wp-container-3 wp-block-columns\">\n<div class=\"is-layout-flow wp-block-column\">\n<p>When it comes to inheritance law, most people think of the financial consequences of death. But inheritance law is much more than that. First and foremost, it is foresighted planning and provision for close persons, be it the partner, close friends or children during their lifetime. The design is not a question of age, but can be important in every area of life, especially when it comes to transferring assets to the next generation. <br><\/p>\n\n\n\n<p>Sound advice on inheritance law can be the guarantee for the smoothest possible transfer of one's own assets. <br><\/p>\n\n\n\n<p>Furthermore, in the event that such a provision has not been made by a clear last will and testament (in most cases the will), it may be necessary to provide legal support for the consequences of the inheritance and to develop practical legal solutions. In addition to clarifying the inheritance shares and the disputes of so-called communities of heirs, this also includes the calculation and enforcement of so-called compulsory portion or bequest claims against the heirs. <br><\/p>\n\n\n\n<p>Especially in the case of substantial assets, foresighted planning is indispensable. Otherwise, substantial inheritance tax may be payable in the event of inheritance. Many cases can already be solved by transferring assets during one's lifetime subject to usufruct or property rights. <\/p>\n\n\n\n<p>In geeigneten F\u00e4llen bietet sich die Gr\u00fcndung von Familiengesellschaften bzw. einem sog. &#8220;Familienpool&#8221; an. Hierbei k\u00f6nnen auch gr\u00f6\u00dfere Verm\u00f6gen gerecht und steueroptimiert in die n\u00e4chste Generation \u00fcbertragen und gegen\u00fcber Eingriffen von familienfremden Personen abgesichert werden. Wir arbeiten hierbei stets eng mit Ihrem Steuerberater zusammen oder schlagen Ihnen die steuerliche Pr\u00fcfung durch eine auf die Gr\u00fcndung von Familiengesellschaften spezialisierte Steuerberaterin vor. <\/p>\n<\/div>\n\n\n\n<div class=\"is-layout-flow wp-block-column\">\n<p>Die Berufstr\u00e4ger Axel Sawal und Dominik Sch\u00fcller beraten als Notare bei der vorsorgenden Gestaltung individueller Nachlassregelungen und letztwilliger Verf\u00fcgungen. Beide Notare sind auch Fachanw\u00e4lte f\u00fcr Erbrecht und verf\u00fcgen \u00fcber das notwendige Spezialwissen, um auch die &#8220;kniffligen F\u00e4lle&#8221; richtig anzupacken. Gerne entwickeln wir gemeinsam mit Ihnen eine auf Ihre Lebenssituation und Ihre Bed\u00fcrfnisse abgestimmte Nachfolgeregelung. <br><\/p>\n\n\n\n<p>Advice on inheritance law is not a mass business. Every family is different, has a different history and different objectives. Every consultation must therefore start with a detailed discussion. The goals are worked out together. The notary public\/lawyer then draws up a first draft. If necessary, further discussions take place until the will or other document is finally notarised.<\/p>\n\n\n\n<p>For various reasons, it is not advisable to make a will in one's own hand. In addition, a notarial will is usually even <a href=\"https:\/\/ssh.sawal.berlin\/billigloesung-notarielles-testament\">cheaper<\/a> than a handwritten one. <\/p>\n\n\n\n<p>We regularly offer seminars on the subject of inheritance law and the drafting of wills. If you are interested in this, simply contact us. You will then be invited to the next appointment. Nevertheless, such a seminar cannot replace a personal consultation. However, it is a good step to deal with the difficult topic. <\/p>\n\n\n\n<p>In selected cases, we will be happy to represent you in disputes over inheritance, the assertion of claims to a compulsory portion, the examination of testamentary dispositions or the conduct of mediations. <\/p>\n<\/div>\n<\/div>","protected":false},"excerpt":{"rendered":"<p>Erbrecht Bei Erbrecht denken viele Menschen lediglich an die verm\u00f6gensrechtlichen Folgen des Todes. Erbrecht ist aber viel mehr als das. Es ist vor&#8230;<\/p>","protected":false},"author":1,"featured_media":0,"parent":0,"menu_order":0,"comment_status":"closed","ping_status":"closed","template":"","meta":[],"_links":{"self":[{"href":"https:\/\/ssh.sawal.berlin\/en\/wp-json\/wp\/v2\/pages\/23229"}],"collection":[{"href":"https:\/\/ssh.sawal.berlin\/en\/wp-json\/wp\/v2\/pages"}],"about":[{"href":"https:\/\/ssh.sawal.berlin\/en\/wp-json\/wp\/v2\/types\/page"}],"author":[{"embeddable":true,"href":"https:\/\/ssh.sawal.berlin\/en\/wp-json\/wp\/v2\/users\/1"}],"replies":[{"embeddable":true,"href":"https:\/\/ssh.sawal.berlin\/en\/wp-json\/wp\/v2\/comments?post=23229"}],"version-history":[{"count":9,"href":"https:\/\/ssh.sawal.berlin\/en\/wp-json\/wp\/v2\/pages\/23229\/revisions"}],"predecessor-version":[{"id":24615,"href":"https:\/\/ssh.sawal.berlin\/en\/wp-json\/wp\/v2\/pages\/23229\/revisions\/24615"}],"wp:attachment":[{"href":"https:\/\/ssh.sawal.berlin\/en\/wp-json\/wp\/v2\/media?parent=23229"}],"curies":[{"name":"wp","href":"https:\/\/api.w.org\/{rel}","templated":true}]}}