{"id":23032,"date":"2020-01-17T11:15:29","date_gmt":"2020-01-17T11:15:29","guid":{"rendered":"https:\/\/ssh.sawal.berlin\/?page_id=23032"},"modified":"2024-01-24T17:59:35","modified_gmt":"2024-01-24T17:59:35","slug":"kontakt","status":"publish","type":"page","link":"https:\/\/ssh.sawal.berlin\/en\/kontakt","title":{"rendered":"Kontakt und Impressum"},"content":{"rendered":"<h1>Contact<\/h1>\n\n\n\n<p>You can reach us by phone at +49 (0) 30 88927555 or by email at <a href=\"mailto:kanzlei@sawal.berlin\">kanzlei@sawal.berlin<\/a> or <a href=\"mailto:notariat@sawal.berlin\">notariat@sawal.berlin.<\/a> <\/p>\n\n\n\n<p>Appointments are usually only possible after prior agreement. The offices at Joachimsthaler Strasse 24, 10719 Berlin are within walking distance of the Kurf\u00fcrstendamm or Spichernstrasse underground stations. There are usually parking spaces on Joachimsthaler Stra\u00dfe or Schaperstra\u00dfe. There is also the parking lot of the Bar every reason, which is open to the public during the day. There is a parking meter. The parking fees are lower there than on the street. <em>Bar jeder Vernunft<\/em>, der tags\u00fcber \u00f6ffentlich nutzbar ist. Es gibt einen Parkautomaten. Die Parkgeb\u00fchren sind dort niedriger als an der Stra\u00dfe. <\/p>\n\n\n\n<pre class=\"wp-block-code\"><code><iframe loading=\"lazy\" src=\"https:\/\/www.google.com\/maps\/embed?pb=!1m18!1m12!1m3!1d2428.858331402273!2d13.328301316139996!3d52.49980397981035!2m3!1f0!2f0!3f0!3m2!1i1024!2i768!4f13.1!3m3!1m2!1s0x47a850f9aa9585df%3A0x454016e9cfeb0b48!2sSAWAL%20%26%20SCH%C3%9CLLER%20.%20Notare%20.%20Rechtsanw%C3%A4lte%20.%20Fachanw%C3%A4lte!5e0!3m2!1sde!2sde!4v1580137641949!5m2!1sde!2sde\" width=\"1200\" height=\"800\" frameborder=\"0\" style=\"border:0;\" allowfullscreen=\"\"><\/iframe><\/code><\/pre>\n\n\n\n<h2> <strong>Impressum nach \u00a7 5 TMG<\/strong> <\/h2>\n\n\n\n<p><strong>SAWAL . SCH\u00dcLLER . HANKE<\/strong><br>Notare . Rechtsanw\u00e4lte . Fachanw\u00e4lte<br>B\u00fcrogemeinschaft der Rechtsanw\u00e4lte &amp; Notare Axel Sawal, Dominik Sch\u00fcller und Rechtsanwalt Dr. Andreas Hanke<br>Joachimsthaler Stra\u00dfe 24, 10719 Berlin<\/p>\n\n\n\n<p>Telefon Notare: +49 (0) 30 88 92 75 75<br>Telefon Anw\u00e4lte: +49 (0) 30 88 92 75 55<br>Fax: +49 (0) 30 88 92 75 66<br>E-Mail: notariat@sawal.berlin<br>E-Mail: kanzlei@sawal.berlin<br>USt.-Identnummer Axel Sawal: DE161616093<br>USt.-Identnummer Dominik Sch\u00fcller: DE31206929<br>USt.-Identnummer Dr. Andreas Hanke: DE3532963096<\/p>\n\n\n\n<p><\/p>\n\n\n\n<p>Alle Rechtsanw\u00e4lte sind in Deutschland zugelassen und geh\u00f6ren der Rechtsanwaltskammer Berlin an:<br>Littenstr. 9, 10179 Berlin; Telefon: (030) 306931-0; Telefax: (030) 30693199; E-Mail: <a href=\"mailto:info@rak-berlin.de\">info@rak-berlin.de<\/a><\/p>\n\n\n\n<p>Zust\u00e4ndige Notarkammer f\u00fcr alle Notare ist die&nbsp;Notarkammer Berlin:<br>Littenstra\u00dfe 10, 10179 Berlin;&nbsp;Telefon: (030)24 62 90-0;&nbsp;Telefax: (030)24 62 90-25; E-Mail:&nbsp;<a href=\"mailto: info@notarkammer-berlin.de\">info@notarkammer-berlin.de<\/a><\/p>\n\n\n\n<p>Aufsichtsbeh\u00f6rde f\u00fcr alle Notare ist Der Pr\u00e4sident des Landgerichts II, Littenstra\u00dfe 12-17, 10179 Berlin. Zu erreichen \u00fcber die E-Mail-Adresse notarabteilung@la-zivil.berlin.de<\/p>\n\n\n\n<p>Berufshaftpflichtversicherung (je als Rechtsanwalt und Notar) f\u00fcr Rechtsanw\u00e4lte und Notare Axel Sawal und Dominik Sch\u00fcller o.g. Berufstr\u00e4ger ist die <a href=\"https:\/\/www.ruv.de\">R+V Versicherung<\/a>, Taunusstra\u00dfe 1, 65193 Wiesbaden; f\u00fcr Rechtsanwalt Dr. Andreas Hanke ist die <a href=\"http:\/\/www.axa.de\">AXA Versicherung AG<\/a>,  Colonia-Allee 10-20, 51067 K\u00f6ln zust\u00e4ndig. Der r\u00e4umliche Geltungsbereich der Versicherungen ist jeweils Deutschland.<\/p>\n\n\n\n<p><strong>Es gelten folgende Geb\u00fchren- und Berufsordnungen: <\/strong><a rel=\"noreferrer noopener\" href=\"http:\/\/bundesrecht.juris.de\/bundesrecht\/brao\/index.html\" target=\"_blank\">Bundesrechtsanwaltsordnung (BRAO)<\/a> und <a rel=\"noreferrer noopener\" href=\"https:\/\/www.gesetze-im-internet.de\/rvg\/\" target=\"_blank\">Rechtsanwaltsverg\u00fctungsgesetz (RVG)<\/a><\/p>\n\n\n\n<p><strong>Berufsrechtliche Regelungen<\/strong><br><a href=\"http:\/\/bundesrecht.juris.de\/bundesrecht\/brao\/index.html\">Bundesrechtsanwaltsordnung<\/a>, <a href=\"http:\/\/www.brak.de\/w\/files\/02_fuer_anwaelte\/berufsrecht\/fao-stand-01-07-2017.pdf\">Fachanwaltsordnung<\/a>, <a href=\"http:\/\/www.brak.de\/w\/files\/02_fuer_anwaelte\/Berufsregeln_Mai%202006_090615.pdf\">Standesregeln  der Rechtsanw\u00e4lte in der Europ\u00e4ischen Gemeinschaft Berufsregeln der  Rechtsanw\u00e4lte der Europ\u00e4ischen Union (CCBE-Berufsregeln)<br><\/a>Sie finden die jeweiligen Gesetzestexte und weitere berufsrechtliche  Regelungen auf der Seite der Bundesrechtsanwaltskammer unter <a rel=\"noreferrer noopener\" href=\"http:\/\/www.brak.de\/fuer-anwaelte\/berufsrecht\/\" target=\"_blank\">www.brak.de<\/a>&nbsp;oder der <a href=\"https:\/\/www.bnotk.de\/\">Bundesnotarkammer.<\/a><\/p>\n\n\n\n<p><strong>Teilnahme an der Online-Streitbeilegung der EU-Kommission:<\/strong><br>Plattform der EU-Kommission zur Online-Streitbeilegung:<a rel=\"noreferrer noopener\" href=\"https:\/\/webgate.ec.europa.eu\/odr\/main\/index.cfm?event=main.home.chooseLanguage\" target=\"_blank\"> www.ec.europa.eu\/consumers\/odr<br><\/a>Wir nehmen nicht an einem Streitbeilegungsverfahren vor einer Verbraucherschlichtungsstelle teil. Die Verbraucherschlichtungsstelle f\u00fcr Rechtsanw\u00e4lte ist zu erreichen unter: Schlichtungsstelle der Rechtsanwaltschaft, Rauchstra\u00dfe 26, 10787 Berlin, E-Mail <a href=\"mailto:schlichtungsstelle@s-d-r.org\">schlichtungsstelle@s-d-r.org<\/a>, Telefon +49(0)30\/2844417-0, Internet <a href=\"http:\/\/www.schlichtungsstelle-der-rechtsanwaltschaft.de\">www.schlichtungsstelle-der-rechtsanwaltschaft.de<\/a><\/p>\n\n\n\n<p>Unsere aktuelle Erkl\u00e4rung zum Datenschutz k\u00f6nnen Sie <a rel=\"noreferrer noopener\" aria-label=\" (\u00f6ffnet in neuem Tab)\" href=\"https:\/\/ssh.sawal.berlin\/datenschutzerklaerung-ssh-01_2020\" target=\"_blank\">hier einsehen oder downloaden<\/a>.<\/p>\n\n\n\n<p>Verantwortlich f\u00fcr den Inhalt der Webseite:<br>Rechtsanwalt &amp; Notar Axel Sawal,<br>Rechtsanwalt &amp; Notar Dominik Sch\u00fcller und<br>Rechtsanwalt Dr. Andreas Hanke<\/p>","protected":false},"excerpt":{"rendered":"<p>Kontakt Sie erreichen uns telefonisch unter +49 (0)30 88927555 oder per E-Mail unter kanzlei@sawal.berlin bzw. notariat@sawal.berlin Termine sind im Regelfall nur nach vorheriger&#8230;<\/p>","protected":false},"author":1,"featured_media":0,"parent":0,"menu_order":0,"comment_status":"closed","ping_status":"closed","template":"","meta":[],"_links":{"self":[{"href":"https:\/\/ssh.sawal.berlin\/en\/wp-json\/wp\/v2\/pages\/23032"}],"collection":[{"href":"https:\/\/ssh.sawal.berlin\/en\/wp-json\/wp\/v2\/pages"}],"about":[{"href":"https:\/\/ssh.sawal.berlin\/en\/wp-json\/wp\/v2\/types\/page"}],"author":[{"embeddable":true,"href":"https:\/\/ssh.sawal.berlin\/en\/wp-json\/wp\/v2\/users\/1"}],"replies":[{"embeddable":true,"href":"https:\/\/ssh.sawal.berlin\/en\/wp-json\/wp\/v2\/comments?post=23032"}],"version-history":[{"count":29,"href":"https:\/\/ssh.sawal.berlin\/en\/wp-json\/wp\/v2\/pages\/23032\/revisions"}],"predecessor-version":[{"id":24675,"href":"https:\/\/ssh.sawal.berlin\/en\/wp-json\/wp\/v2\/pages\/23032\/revisions\/24675"}],"wp:attachment":[{"href":"https:\/\/ssh.sawal.berlin\/en\/wp-json\/wp\/v2\/media?parent=23032"}],"curies":[{"name":"wp","href":"https:\/\/api.w.org\/{rel}","templated":true}]}}